{"id":2763,"date":"2021-06-10T19:20:56","date_gmt":"2021-06-10T17:20:56","guid":{"rendered":"https:\/\/nearbygroup.it\/group\/philosophy\/"},"modified":"2026-05-06T21:52:26","modified_gmt":"2026-05-06T19:52:26","slug":"philosophy","status":"publish","type":"page","link":"https:\/\/nearbygroup.it\/it\/group\/philosophy\/","title":{"rendered":"Filosofia"},"content":{"rendered":"\r\n<p class=\"p1\"><b>PRODUCTS FOR ACTIVE AND MINDFUL PEOPLE<\/b><\/p>\r\n<p>Da anni, le aziende che oggi compongono il Gruppo Nearby producono attrezzature per gli atleti di tutto il mondo e, in generale, per chi ama l\u2019attivit\u00e0 fisica ed \u00e8 sempre in movimento.<\/p>\r\n<p>Noi del Gruppo Nearby puntiamo sulle prestazioni e sull\u2019attenzione anche al pi\u00f9 piccolo dettaglio; da 40 anni produciamo strumenti di lavoro per campioni dello sport e \u201cingegnerizziamo\u201d le collezioni dei principali marchi di sci e ciclismo, trasformando le idee dei loro esperti designer in strumenti ad alte prestazioni.<\/p>\r\n<p>Operiamo nel settore delle materie plastiche e dei compositi e gestiamo l\u2019intera filiera produttiva, dall\u2019idea al prodotto finito, con l\u2019obiettivo finale non solo di realizzare i progetti dei nostri clienti, ma di consentire loro di continuare a sognare e ad andare oltre.<\/p>\r\n<p>Andare oltre significa molto pi\u00f9 che prestazioni estreme; implica anche sostenibilit\u00e0 ambientale e sociale. Per questo motivo, chi entra a far parte della famiglia Nearby Group \u00e8 chiamato a utilizzare le pi\u00f9 moderne tecnologie \u201cverdi\u201d e a promuovere l\u2019inclusione e l\u2019equit\u00e0.<\/p>\r\n<p>Benvenuti nel mondo di Nearby Group. Allacciate le cinture!<\/p>\r\n","protected":false},"excerpt":{"rendered":"<p>PRODUCTS FOR ACTIVE AND MINDFUL PEOPLE Da anni, le aziende che oggi compongono il Gruppo Nearby producono attrezzature per gli atleti di tutto il mondo e, in generale, per chi ama l\u2019attivit\u00e0 fisica ed \u00e8 sempre in movimento. Noi del Gruppo Nearby puntiamo sulle prestazioni e sull\u2019attenzione anche al pi\u00f9 piccolo dettaglio; da 40 anni [&#8230;]<\/p>\n<p><a class=\"btn btn-secondary understrap-read-more-link\" href=\"https:\/\/nearbygroup.it\/it\/group\/philosophy\/\">Leggi tutto&#8230;<\/a><\/p>\n","protected":false},"author":1,"featured_media":2765,"parent":2751,"menu_order":27,"comment_status":"closed","ping_status":"closed","template":"page-templates\/philosophy-page.php","meta":{"_acf_changed":false,"inline_featured_image":false,"footnotes":""},"class_list":["post-2763","page","type-page","status-publish","has-post-thumbnail","hentry"],"acf":[],"yoast_head":"<!-- This site is optimized with the Yoast SEO plugin v27.5 - https:\/\/yoast.com\/product\/yoast-seo-wordpress\/ -->\n<title>La nostra filosofia | Nearby Group<\/title>\n<meta name=\"description\" content=\"Il nostro obiettivo \u00e8 garantire prestazioni eccellenti e curare anche il minimo dettaglio; da quasi 50 anni produciamo attrezzature professionali per lo sport.\" \/>\n<meta name=\"robots\" content=\"index, follow, max-snippet:-1, max-image-preview:large, max-video-preview:-1\" \/>\n<link rel=\"canonical\" href=\"https:\/\/nearbygroup.it\/it\/group\/philosophy\/\" \/>\n<meta property=\"og:locale\" content=\"it_IT\" \/>\n<meta property=\"og:type\" content=\"article\" \/>\n<meta property=\"og:title\" content=\"La nostra filosofia | Nearby Group\" \/>\n<meta property=\"og:description\" content=\"Il nostro obiettivo \u00e8 garantire prestazioni eccellenti e curare anche il minimo dettaglio; da quasi 50 anni produciamo attrezzature professionali per lo sport.\" \/>\n<meta property=\"og:url\" content=\"https:\/\/nearbygroup.it\/it\/group\/philosophy\/\" \/>\n<meta property=\"og:site_name\" content=\"NearBy Group\" \/>\n<meta property=\"article:modified_time\" content=\"2026-05-06T19:52:26+00:00\" \/>\n<meta property=\"og:image\" content=\"https:\/\/nearbygroup.it\/wp-content\/uploads\/2025\/01\/NearBy_group-philosophy.jpg\" \/>\n\t<meta property=\"og:image:width\" content=\"800\" \/>\n\t<meta property=\"og:image:height\" content=\"1092\" \/>\n\t<meta property=\"og:image:type\" content=\"image\/jpeg\" \/>\n<meta name=\"twitter:card\" content=\"summary_large_image\" \/>\n<meta name=\"twitter:label1\" content=\"Tempo di lettura stimato\" \/>\n\t<meta name=\"twitter:data1\" content=\"8 minuti\" \/>\n<script type=\"application\/ld+json\" class=\"yoast-schema-graph\">{\"@context\":\"https:\\\/\\\/schema.org\",\"@graph\":[{\"@type\":\"WebPage\",\"@id\":\"https:\\\/\\\/nearbygroup.it\\\/it\\\/group\\\/philosophy\\\/\",\"url\":\"https:\\\/\\\/nearbygroup.it\\\/it\\\/group\\\/philosophy\\\/\",\"name\":\"La nostra filosofia | Nearby Group\",\"isPartOf\":{\"@id\":\"https:\\\/\\\/nearbygroup.it\\\/it\\\/#website\"},\"primaryImageOfPage\":{\"@id\":\"https:\\\/\\\/nearbygroup.it\\\/it\\\/group\\\/philosophy\\\/#primaryimage\"},\"image\":{\"@id\":\"https:\\\/\\\/nearbygroup.it\\\/it\\\/group\\\/philosophy\\\/#primaryimage\"},\"thumbnailUrl\":\"https:\\\/\\\/nearbygroup.it\\\/wp-content\\\/uploads\\\/2025\\\/01\\\/NearBy_group-philosophy.jpg\",\"datePublished\":\"2021-06-10T17:20:56+00:00\",\"dateModified\":\"2026-05-06T19:52:26+00:00\",\"description\":\"Il nostro obiettivo \u00e8 garantire prestazioni eccellenti e curare anche il minimo dettaglio; da quasi 50 anni produciamo attrezzature professionali per lo sport.\",\"breadcrumb\":{\"@id\":\"https:\\\/\\\/nearbygroup.it\\\/it\\\/group\\\/philosophy\\\/#breadcrumb\"},\"inLanguage\":\"it-IT\",\"potentialAction\":[{\"@type\":\"ReadAction\",\"target\":[\"https:\\\/\\\/nearbygroup.it\\\/it\\\/group\\\/philosophy\\\/\"]}]},{\"@type\":\"ImageObject\",\"inLanguage\":\"it-IT\",\"@id\":\"https:\\\/\\\/nearbygroup.it\\\/it\\\/group\\\/philosophy\\\/#primaryimage\",\"url\":\"https:\\\/\\\/nearbygroup.it\\\/wp-content\\\/uploads\\\/2025\\\/01\\\/NearBy_group-philosophy.jpg\",\"contentUrl\":\"https:\\\/\\\/nearbygroup.it\\\/wp-content\\\/uploads\\\/2025\\\/01\\\/NearBy_group-philosophy.jpg\",\"width\":800,\"height\":1092},{\"@type\":\"BreadcrumbList\",\"@id\":\"https:\\\/\\\/nearbygroup.it\\\/it\\\/group\\\/philosophy\\\/#breadcrumb\",\"itemListElement\":[{\"@type\":\"ListItem\",\"position\":1,\"name\":\"Home\",\"item\":\"https:\\\/\\\/nearbygroup.it\\\/it\\\/\"},{\"@type\":\"ListItem\",\"position\":2,\"name\":\"Gruppo\",\"item\":\"https:\\\/\\\/nearbygroup.it\\\/it\\\/group\\\/\"},{\"@type\":\"ListItem\",\"position\":3,\"name\":\"Filosofia\"}]},{\"@type\":\"WebSite\",\"@id\":\"https:\\\/\\\/nearbygroup.it\\\/it\\\/#website\",\"url\":\"https:\\\/\\\/nearbygroup.it\\\/it\\\/\",\"name\":\"NearBy Group\",\"description\":\"Products for Active and Mindful People\",\"publisher\":{\"@id\":\"https:\\\/\\\/nearbygroup.it\\\/it\\\/#organization\"},\"potentialAction\":[{\"@type\":\"SearchAction\",\"target\":{\"@type\":\"EntryPoint\",\"urlTemplate\":\"https:\\\/\\\/nearbygroup.it\\\/it\\\/?s={search_term_string}\"},\"query-input\":{\"@type\":\"PropertyValueSpecification\",\"valueRequired\":true,\"valueName\":\"search_term_string\"}}],\"inLanguage\":\"it-IT\"},{\"@type\":\"Organization\",\"@id\":\"https:\\\/\\\/nearbygroup.it\\\/it\\\/#organization\",\"name\":\"Nearby Group\",\"url\":\"https:\\\/\\\/nearbygroup.it\\\/it\\\/\",\"logo\":{\"@type\":\"ImageObject\",\"inLanguage\":\"it-IT\",\"@id\":\"https:\\\/\\\/nearbygroup.it\\\/it\\\/#\\\/schema\\\/logo\\\/image\\\/\",\"url\":\"https:\\\/\\\/nearbygroup.it\\\/wp-content\\\/uploads\\\/2021\\\/09\\\/Logo-Nearby-Group.jpg\",\"contentUrl\":\"https:\\\/\\\/nearbygroup.it\\\/wp-content\\\/uploads\\\/2021\\\/09\\\/Logo-Nearby-Group.jpg\",\"width\":300,\"height\":300,\"caption\":\"Nearby Group\"},\"image\":{\"@id\":\"https:\\\/\\\/nearbygroup.it\\\/it\\\/#\\\/schema\\\/logo\\\/image\\\/\"},\"sameAs\":[\"https:\\\/\\\/www.linkedin.com\\\/company\\\/nearby-group\"]}]}<\/script>\n<!-- \/ Yoast SEO plugin. -->","yoast_head_json":{"title":"La nostra filosofia | Nearby Group","description":"Il nostro obiettivo \u00e8 garantire prestazioni eccellenti e curare anche il minimo dettaglio; da quasi 50 anni produciamo attrezzature professionali per lo sport.","robots":{"index":"index","follow":"follow","max-snippet":"max-snippet:-1","max-image-preview":"max-image-preview:large","max-video-preview":"max-video-preview:-1"},"canonical":"https:\/\/nearbygroup.it\/it\/group\/philosophy\/","og_locale":"it_IT","og_type":"article","og_title":"La nostra filosofia | Nearby Group","og_description":"Il nostro obiettivo \u00e8 garantire prestazioni eccellenti e curare anche il minimo dettaglio; da quasi 50 anni produciamo attrezzature professionali per lo sport.","og_url":"https:\/\/nearbygroup.it\/it\/group\/philosophy\/","og_site_name":"NearBy Group","article_modified_time":"2026-05-06T19:52:26+00:00","og_image":[{"width":800,"height":1092,"url":"https:\/\/nearbygroup.it\/wp-content\/uploads\/2025\/01\/NearBy_group-philosophy.jpg","type":"image\/jpeg"}],"twitter_card":"summary_large_image","twitter_misc":{"Tempo di lettura stimato":"8 minuti"},"schema":{"@context":"https:\/\/schema.org","@graph":[{"@type":"WebPage","@id":"https:\/\/nearbygroup.it\/it\/group\/philosophy\/","url":"https:\/\/nearbygroup.it\/it\/group\/philosophy\/","name":"La nostra filosofia | Nearby Group","isPartOf":{"@id":"https:\/\/nearbygroup.it\/it\/#website"},"primaryImageOfPage":{"@id":"https:\/\/nearbygroup.it\/it\/group\/philosophy\/#primaryimage"},"image":{"@id":"https:\/\/nearbygroup.it\/it\/group\/philosophy\/#primaryimage"},"thumbnailUrl":"https:\/\/nearbygroup.it\/wp-content\/uploads\/2025\/01\/NearBy_group-philosophy.jpg","datePublished":"2021-06-10T17:20:56+00:00","dateModified":"2026-05-06T19:52:26+00:00","description":"Il nostro obiettivo \u00e8 garantire prestazioni eccellenti e curare anche il minimo dettaglio; da quasi 50 anni produciamo attrezzature professionali per lo sport.","breadcrumb":{"@id":"https:\/\/nearbygroup.it\/it\/group\/philosophy\/#breadcrumb"},"inLanguage":"it-IT","potentialAction":[{"@type":"ReadAction","target":["https:\/\/nearbygroup.it\/it\/group\/philosophy\/"]}]},{"@type":"ImageObject","inLanguage":"it-IT","@id":"https:\/\/nearbygroup.it\/it\/group\/philosophy\/#primaryimage","url":"https:\/\/nearbygroup.it\/wp-content\/uploads\/2025\/01\/NearBy_group-philosophy.jpg","contentUrl":"https:\/\/nearbygroup.it\/wp-content\/uploads\/2025\/01\/NearBy_group-philosophy.jpg","width":800,"height":1092},{"@type":"BreadcrumbList","@id":"https:\/\/nearbygroup.it\/it\/group\/philosophy\/#breadcrumb","itemListElement":[{"@type":"ListItem","position":1,"name":"Home","item":"https:\/\/nearbygroup.it\/it\/"},{"@type":"ListItem","position":2,"name":"Gruppo","item":"https:\/\/nearbygroup.it\/it\/group\/"},{"@type":"ListItem","position":3,"name":"Filosofia"}]},{"@type":"WebSite","@id":"https:\/\/nearbygroup.it\/it\/#website","url":"https:\/\/nearbygroup.it\/it\/","name":"NearBy Group","description":"Products for Active and Mindful People","publisher":{"@id":"https:\/\/nearbygroup.it\/it\/#organization"},"potentialAction":[{"@type":"SearchAction","target":{"@type":"EntryPoint","urlTemplate":"https:\/\/nearbygroup.it\/it\/?s={search_term_string}"},"query-input":{"@type":"PropertyValueSpecification","valueRequired":true,"valueName":"search_term_string"}}],"inLanguage":"it-IT"},{"@type":"Organization","@id":"https:\/\/nearbygroup.it\/it\/#organization","name":"Nearby Group","url":"https:\/\/nearbygroup.it\/it\/","logo":{"@type":"ImageObject","inLanguage":"it-IT","@id":"https:\/\/nearbygroup.it\/it\/#\/schema\/logo\/image\/","url":"https:\/\/nearbygroup.it\/wp-content\/uploads\/2021\/09\/Logo-Nearby-Group.jpg","contentUrl":"https:\/\/nearbygroup.it\/wp-content\/uploads\/2021\/09\/Logo-Nearby-Group.jpg","width":300,"height":300,"caption":"Nearby Group"},"image":{"@id":"https:\/\/nearbygroup.it\/it\/#\/schema\/logo\/image\/"},"sameAs":["https:\/\/www.linkedin.com\/company\/nearby-group"]}]}},"_links":{"self":[{"href":"https:\/\/nearbygroup.it\/it\/wp-json\/wp\/v2\/pages\/2763","targetHints":{"allow":["GET"]}}],"collection":[{"href":"https:\/\/nearbygroup.it\/it\/wp-json\/wp\/v2\/pages"}],"about":[{"href":"https:\/\/nearbygroup.it\/it\/wp-json\/wp\/v2\/types\/page"}],"author":[{"embeddable":true,"href":"https:\/\/nearbygroup.it\/it\/wp-json\/wp\/v2\/users\/1"}],"replies":[{"embeddable":true,"href":"https:\/\/nearbygroup.it\/it\/wp-json\/wp\/v2\/comments?post=2763"}],"version-history":[{"count":5,"href":"https:\/\/nearbygroup.it\/it\/wp-json\/wp\/v2\/pages\/2763\/revisions"}],"predecessor-version":[{"id":3659,"href":"https:\/\/nearbygroup.it\/it\/wp-json\/wp\/v2\/pages\/2763\/revisions\/3659"}],"up":[{"embeddable":true,"href":"https:\/\/nearbygroup.it\/it\/wp-json\/wp\/v2\/pages\/2751"}],"wp:featuredmedia":[{"embeddable":true,"href":"https:\/\/nearbygroup.it\/it\/wp-json\/wp\/v2\/media\/2765"}],"wp:attachment":[{"href":"https:\/\/nearbygroup.it\/it\/wp-json\/wp\/v2\/media?parent=2763"}],"curies":[{"name":"wp","href":"https:\/\/api.w.org\/{rel}","templated":true}]}}