{"id":2757,"date":"2021-06-10T19:20:56","date_gmt":"2021-06-10T17:20:56","guid":{"rendered":"https:\/\/nearbygroup.it\/group\/philosophy\/"},"modified":"2026-05-13T15:28:43","modified_gmt":"2026-05-13T13:28:43","slug":"philosophy","status":"publish","type":"page","link":"https:\/\/nearbygroup.it\/fr\/group\/philosophy\/","title":{"rendered":"Philosophie"},"content":{"rendered":"\r\n<p class=\"p1\"><b>PRODUCTS FOR ACTIVE AND MINDFUL PEOPLE<\/b><\/p>\r\n<p class=\"p1\">Depuis des ann\u00e9es, les entreprises qui composent aujourd&rsquo;hui le Nearby Group fabriquent des \u00e9quipements pour les athl\u00e8tes du monde entier et, plus g\u00e9n\u00e9ralement, pour tous ceux qui aiment l&rsquo;activit\u00e9 physique et sont toujours en mouvement.<\/p>\r\n<p class=\"p1\">Chez Nearby Group, nous mettons l&rsquo;accent sur la performance et le souci du moindre d\u00e9tail. Depuis 40 ans, nous fabriquons des outils de m\u00e9tier pour les champions du sport et \u00ab concevons \u00bb les collections des grandes marques de ski et de cyclisme, en transformant les concepts de leurs designers experts en outils hautement performants.<\/p>\r\n<p class=\"p1\">Nous op\u00e9rons dans le secteur des plastiques et des composites et g\u00e9rons l\u2019ensemble de la cha\u00eene de production, de l\u2019id\u00e9e au produit fini, avec pour objectif ultime non seulement de r\u00e9aliser les projets de nos clients, mais aussi de leur permettre de continuer \u00e0 r\u00eaver et d\u2019aller plus loin.<\/p>\r\n<p class=\"p1\">Aller plus loin signifie bien plus que des performances extr\u00eames ; cela implique \u00e9galement la durabilit\u00e9 environnementale et sociale. C&rsquo;est pourquoi ceux qui rejoignent la famille Nearby Group sont appel\u00e9s \u00e0 utiliser les technologies \u00ab vertes \u00bb les plus modernes et \u00e0 promouvoir l&rsquo;inclusion et l&rsquo;\u00e9quit\u00e9.<\/p>\r\n<p class=\"p1\">Bienvenue dans l&rsquo;univers du Groupe Nearby. Accrochez-vous !<\/p>\r\n","protected":false},"excerpt":{"rendered":"<p>PRODUCTS FOR ACTIVE AND MINDFUL PEOPLE Depuis des ann\u00e9es, les entreprises qui composent aujourd&rsquo;hui le Nearby Group fabriquent des \u00e9quipements pour les athl\u00e8tes du monde entier et, plus g\u00e9n\u00e9ralement, pour tous ceux qui aiment l&rsquo;activit\u00e9 physique et sont toujours en mouvement. Chez Nearby Group, nous mettons l&rsquo;accent sur la performance et le souci du moindre [&#8230;]<\/p>\n<p><a class=\"btn btn-secondary understrap-read-more-link\" href=\"https:\/\/nearbygroup.it\/fr\/group\/philosophy\/\">Lire la suite&#8230;<\/a><\/p>\n","protected":false},"author":1,"featured_media":2759,"parent":2745,"menu_order":26,"comment_status":"closed","ping_status":"closed","template":"page-templates\/philosophy-page.php","meta":{"_acf_changed":false,"inline_featured_image":false,"footnotes":""},"class_list":["post-2757","page","type-page","status-publish","has-post-thumbnail","hentry"],"acf":[],"yoast_head":"<!-- This site is optimized with the Yoast SEO plugin v27.5 - https:\/\/yoast.com\/product\/yoast-seo-wordpress\/ -->\n<title>Notre philosophie | Nearby Group<\/title>\n<meta name=\"description\" content=\"Nous mettons l&#039;accent sur la performance et le souci du moindre d\u00e9tail, et depuis pr\u00e8s de 50 ans, nous fabriquons des \u00e9quipements de sport.\" \/>\n<meta name=\"robots\" content=\"index, follow, max-snippet:-1, max-image-preview:large, max-video-preview:-1\" \/>\n<link rel=\"canonical\" href=\"https:\/\/nearbygroup.it\/fr\/group\/philosophy\/\" \/>\n<meta property=\"og:locale\" content=\"fr_FR\" \/>\n<meta property=\"og:type\" content=\"article\" \/>\n<meta property=\"og:title\" content=\"Notre philosophie | Nearby Group\" \/>\n<meta property=\"og:description\" content=\"Nous mettons l&#039;accent sur la performance et le souci du moindre d\u00e9tail, et depuis pr\u00e8s de 50 ans, nous fabriquons des \u00e9quipements de sport.\" \/>\n<meta property=\"og:url\" content=\"https:\/\/nearbygroup.it\/fr\/group\/philosophy\/\" \/>\n<meta property=\"og:site_name\" content=\"NearBy Group\" \/>\n<meta property=\"article:modified_time\" content=\"2026-05-13T13:28:43+00:00\" \/>\n<meta property=\"og:image\" content=\"https:\/\/nearbygroup.it\/wp-content\/uploads\/2025\/01\/NearBy_group-philosophy.jpg\" \/>\n\t<meta property=\"og:image:width\" content=\"800\" \/>\n\t<meta property=\"og:image:height\" content=\"1092\" \/>\n\t<meta property=\"og:image:type\" content=\"image\/jpeg\" \/>\n<meta name=\"twitter:card\" content=\"summary_large_image\" \/>\n<meta name=\"twitter:label1\" content=\"Dur\u00e9e de lecture estim\u00e9e\" \/>\n\t<meta name=\"twitter:data1\" content=\"8 minutes\" \/>\n<script type=\"application\/ld+json\" class=\"yoast-schema-graph\">{\"@context\":\"https:\\\/\\\/schema.org\",\"@graph\":[{\"@type\":\"WebPage\",\"@id\":\"https:\\\/\\\/nearbygroup.it\\\/fr\\\/group\\\/philosophy\\\/\",\"url\":\"https:\\\/\\\/nearbygroup.it\\\/fr\\\/group\\\/philosophy\\\/\",\"name\":\"Notre philosophie | Nearby Group\",\"isPartOf\":{\"@id\":\"https:\\\/\\\/nearbygroup.it\\\/fr\\\/#website\"},\"primaryImageOfPage\":{\"@id\":\"https:\\\/\\\/nearbygroup.it\\\/fr\\\/group\\\/philosophy\\\/#primaryimage\"},\"image\":{\"@id\":\"https:\\\/\\\/nearbygroup.it\\\/fr\\\/group\\\/philosophy\\\/#primaryimage\"},\"thumbnailUrl\":\"https:\\\/\\\/nearbygroup.it\\\/wp-content\\\/uploads\\\/2025\\\/01\\\/NearBy_group-philosophy.jpg\",\"datePublished\":\"2021-06-10T17:20:56+00:00\",\"dateModified\":\"2026-05-13T13:28:43+00:00\",\"description\":\"Nous mettons l'accent sur la performance et le souci du moindre d\u00e9tail, et depuis pr\u00e8s de 50 ans, nous fabriquons des \u00e9quipements de sport.\",\"breadcrumb\":{\"@id\":\"https:\\\/\\\/nearbygroup.it\\\/fr\\\/group\\\/philosophy\\\/#breadcrumb\"},\"inLanguage\":\"fr-FR\",\"potentialAction\":[{\"@type\":\"ReadAction\",\"target\":[\"https:\\\/\\\/nearbygroup.it\\\/fr\\\/group\\\/philosophy\\\/\"]}]},{\"@type\":\"ImageObject\",\"inLanguage\":\"fr-FR\",\"@id\":\"https:\\\/\\\/nearbygroup.it\\\/fr\\\/group\\\/philosophy\\\/#primaryimage\",\"url\":\"https:\\\/\\\/nearbygroup.it\\\/wp-content\\\/uploads\\\/2025\\\/01\\\/NearBy_group-philosophy.jpg\",\"contentUrl\":\"https:\\\/\\\/nearbygroup.it\\\/wp-content\\\/uploads\\\/2025\\\/01\\\/NearBy_group-philosophy.jpg\",\"width\":800,\"height\":1092},{\"@type\":\"BreadcrumbList\",\"@id\":\"https:\\\/\\\/nearbygroup.it\\\/fr\\\/group\\\/philosophy\\\/#breadcrumb\",\"itemListElement\":[{\"@type\":\"ListItem\",\"position\":1,\"name\":\"Home\",\"item\":\"https:\\\/\\\/nearbygroup.it\\\/fr\\\/\"},{\"@type\":\"ListItem\",\"position\":2,\"name\":\"Groupe\",\"item\":\"https:\\\/\\\/nearbygroup.it\\\/fr\\\/group\\\/\"},{\"@type\":\"ListItem\",\"position\":3,\"name\":\"Philosophie\"}]},{\"@type\":\"WebSite\",\"@id\":\"https:\\\/\\\/nearbygroup.it\\\/fr\\\/#website\",\"url\":\"https:\\\/\\\/nearbygroup.it\\\/fr\\\/\",\"name\":\"NearBy Group\",\"description\":\"Products for Active and Mindful People\",\"publisher\":{\"@id\":\"https:\\\/\\\/nearbygroup.it\\\/fr\\\/#organization\"},\"potentialAction\":[{\"@type\":\"SearchAction\",\"target\":{\"@type\":\"EntryPoint\",\"urlTemplate\":\"https:\\\/\\\/nearbygroup.it\\\/fr\\\/?s={search_term_string}\"},\"query-input\":{\"@type\":\"PropertyValueSpecification\",\"valueRequired\":true,\"valueName\":\"search_term_string\"}}],\"inLanguage\":\"fr-FR\"},{\"@type\":\"Organization\",\"@id\":\"https:\\\/\\\/nearbygroup.it\\\/fr\\\/#organization\",\"name\":\"Nearby Group\",\"url\":\"https:\\\/\\\/nearbygroup.it\\\/fr\\\/\",\"logo\":{\"@type\":\"ImageObject\",\"inLanguage\":\"fr-FR\",\"@id\":\"https:\\\/\\\/nearbygroup.it\\\/fr\\\/#\\\/schema\\\/logo\\\/image\\\/\",\"url\":\"https:\\\/\\\/nearbygroup.it\\\/wp-content\\\/uploads\\\/2021\\\/09\\\/Logo-Nearby-Group.jpg\",\"contentUrl\":\"https:\\\/\\\/nearbygroup.it\\\/wp-content\\\/uploads\\\/2021\\\/09\\\/Logo-Nearby-Group.jpg\",\"width\":300,\"height\":300,\"caption\":\"Nearby Group\"},\"image\":{\"@id\":\"https:\\\/\\\/nearbygroup.it\\\/fr\\\/#\\\/schema\\\/logo\\\/image\\\/\"},\"sameAs\":[\"https:\\\/\\\/www.linkedin.com\\\/company\\\/nearby-group\"]}]}<\/script>\n<!-- \/ Yoast SEO plugin. -->","yoast_head_json":{"title":"Notre philosophie | Nearby Group","description":"Nous mettons l'accent sur la performance et le souci du moindre d\u00e9tail, et depuis pr\u00e8s de 50 ans, nous fabriquons des \u00e9quipements de sport.","robots":{"index":"index","follow":"follow","max-snippet":"max-snippet:-1","max-image-preview":"max-image-preview:large","max-video-preview":"max-video-preview:-1"},"canonical":"https:\/\/nearbygroup.it\/fr\/group\/philosophy\/","og_locale":"fr_FR","og_type":"article","og_title":"Notre philosophie | Nearby Group","og_description":"Nous mettons l'accent sur la performance et le souci du moindre d\u00e9tail, et depuis pr\u00e8s de 50 ans, nous fabriquons des \u00e9quipements de sport.","og_url":"https:\/\/nearbygroup.it\/fr\/group\/philosophy\/","og_site_name":"NearBy Group","article_modified_time":"2026-05-13T13:28:43+00:00","og_image":[{"width":800,"height":1092,"url":"https:\/\/nearbygroup.it\/wp-content\/uploads\/2025\/01\/NearBy_group-philosophy.jpg","type":"image\/jpeg"}],"twitter_card":"summary_large_image","twitter_misc":{"Dur\u00e9e de lecture estim\u00e9e":"8 minutes"},"schema":{"@context":"https:\/\/schema.org","@graph":[{"@type":"WebPage","@id":"https:\/\/nearbygroup.it\/fr\/group\/philosophy\/","url":"https:\/\/nearbygroup.it\/fr\/group\/philosophy\/","name":"Notre philosophie | Nearby Group","isPartOf":{"@id":"https:\/\/nearbygroup.it\/fr\/#website"},"primaryImageOfPage":{"@id":"https:\/\/nearbygroup.it\/fr\/group\/philosophy\/#primaryimage"},"image":{"@id":"https:\/\/nearbygroup.it\/fr\/group\/philosophy\/#primaryimage"},"thumbnailUrl":"https:\/\/nearbygroup.it\/wp-content\/uploads\/2025\/01\/NearBy_group-philosophy.jpg","datePublished":"2021-06-10T17:20:56+00:00","dateModified":"2026-05-13T13:28:43+00:00","description":"Nous mettons l'accent sur la performance et le souci du moindre d\u00e9tail, et depuis pr\u00e8s de 50 ans, nous fabriquons des \u00e9quipements de sport.","breadcrumb":{"@id":"https:\/\/nearbygroup.it\/fr\/group\/philosophy\/#breadcrumb"},"inLanguage":"fr-FR","potentialAction":[{"@type":"ReadAction","target":["https:\/\/nearbygroup.it\/fr\/group\/philosophy\/"]}]},{"@type":"ImageObject","inLanguage":"fr-FR","@id":"https:\/\/nearbygroup.it\/fr\/group\/philosophy\/#primaryimage","url":"https:\/\/nearbygroup.it\/wp-content\/uploads\/2025\/01\/NearBy_group-philosophy.jpg","contentUrl":"https:\/\/nearbygroup.it\/wp-content\/uploads\/2025\/01\/NearBy_group-philosophy.jpg","width":800,"height":1092},{"@type":"BreadcrumbList","@id":"https:\/\/nearbygroup.it\/fr\/group\/philosophy\/#breadcrumb","itemListElement":[{"@type":"ListItem","position":1,"name":"Home","item":"https:\/\/nearbygroup.it\/fr\/"},{"@type":"ListItem","position":2,"name":"Groupe","item":"https:\/\/nearbygroup.it\/fr\/group\/"},{"@type":"ListItem","position":3,"name":"Philosophie"}]},{"@type":"WebSite","@id":"https:\/\/nearbygroup.it\/fr\/#website","url":"https:\/\/nearbygroup.it\/fr\/","name":"NearBy Group","description":"Products for Active and Mindful People","publisher":{"@id":"https:\/\/nearbygroup.it\/fr\/#organization"},"potentialAction":[{"@type":"SearchAction","target":{"@type":"EntryPoint","urlTemplate":"https:\/\/nearbygroup.it\/fr\/?s={search_term_string}"},"query-input":{"@type":"PropertyValueSpecification","valueRequired":true,"valueName":"search_term_string"}}],"inLanguage":"fr-FR"},{"@type":"Organization","@id":"https:\/\/nearbygroup.it\/fr\/#organization","name":"Nearby Group","url":"https:\/\/nearbygroup.it\/fr\/","logo":{"@type":"ImageObject","inLanguage":"fr-FR","@id":"https:\/\/nearbygroup.it\/fr\/#\/schema\/logo\/image\/","url":"https:\/\/nearbygroup.it\/wp-content\/uploads\/2021\/09\/Logo-Nearby-Group.jpg","contentUrl":"https:\/\/nearbygroup.it\/wp-content\/uploads\/2021\/09\/Logo-Nearby-Group.jpg","width":300,"height":300,"caption":"Nearby Group"},"image":{"@id":"https:\/\/nearbygroup.it\/fr\/#\/schema\/logo\/image\/"},"sameAs":["https:\/\/www.linkedin.com\/company\/nearby-group"]}]}},"_links":{"self":[{"href":"https:\/\/nearbygroup.it\/fr\/wp-json\/wp\/v2\/pages\/2757","targetHints":{"allow":["GET"]}}],"collection":[{"href":"https:\/\/nearbygroup.it\/fr\/wp-json\/wp\/v2\/pages"}],"about":[{"href":"https:\/\/nearbygroup.it\/fr\/wp-json\/wp\/v2\/types\/page"}],"author":[{"embeddable":true,"href":"https:\/\/nearbygroup.it\/fr\/wp-json\/wp\/v2\/users\/1"}],"replies":[{"embeddable":true,"href":"https:\/\/nearbygroup.it\/fr\/wp-json\/wp\/v2\/comments?post=2757"}],"version-history":[{"count":5,"href":"https:\/\/nearbygroup.it\/fr\/wp-json\/wp\/v2\/pages\/2757\/revisions"}],"predecessor-version":[{"id":3890,"href":"https:\/\/nearbygroup.it\/fr\/wp-json\/wp\/v2\/pages\/2757\/revisions\/3890"}],"up":[{"embeddable":true,"href":"https:\/\/nearbygroup.it\/fr\/wp-json\/wp\/v2\/pages\/2745"}],"wp:featuredmedia":[{"embeddable":true,"href":"https:\/\/nearbygroup.it\/fr\/wp-json\/wp\/v2\/media\/2759"}],"wp:attachment":[{"href":"https:\/\/nearbygroup.it\/fr\/wp-json\/wp\/v2\/media?parent=2757"}],"curies":[{"name":"wp","href":"https:\/\/api.w.org\/{rel}","templated":true}]}}