{"id":2592,"date":"2025-09-23T11:35:50","date_gmt":"2025-09-23T09:35:50","guid":{"rendered":"https:\/\/nearbygroup.it\/services\/pre-series-and-mass-production\/"},"modified":"2026-05-13T15:08:19","modified_gmt":"2026-05-13T13:08:19","slug":"pre-series-and-mass-production","status":"publish","type":"page","link":"https:\/\/nearbygroup.it\/fr\/services\/pre-series-and-mass-production\/","title":{"rendered":"Pr\u00e9-s\u00e9rie et Production en S\u00e9rie"},"content":{"rendered":"<p class=\"p1\">Une fois les prototypes approuv\u00e9s, nous passons \u00e0 l&rsquo;\u00e9chantillonnage de pr\u00e9-s\u00e9rie, en produisant un lot limit\u00e9 de composants dans des conditions de production r\u00e9elles. Les \u00e9chantillons de pr\u00e9-s\u00e9rie sont envoy\u00e9s au client pour la validation finale, comprenant des v\u00e9rifications dimensionnelles, des contr\u00f4les qualit\u00e9 et une \u00e9valuation des performances. Sur la base des retours client, le processus est affin\u00e9 afin de garantir une conformit\u00e9 totale en termes d&rsquo;ajustement, de fonctionnalit\u00e9 et de finition.<\/p>\n<p>&nbsp;<\/p>\n<p class=\"p1\">Une fois la pr\u00e9-s\u00e9rie approuv\u00e9e, la production passe \u00e0 la fabrication en s\u00e9rie, en suivant strictement les param\u00e8tres de process valid\u00e9s et les crit\u00e8res qualit\u00e9 afin de garantir que chaque pi\u00e8ce corresponde syst\u00e9matiquement \u00e0 la r\u00e9f\u00e9rence approuv\u00e9e.<\/p>\n","protected":false},"excerpt":{"rendered":"<p>Une fois les prototypes approuv\u00e9s, nous passons \u00e0 l&rsquo;\u00e9chantillonnage de pr\u00e9-s\u00e9rie, en produisant un lot limit\u00e9 de composants dans des conditions de production r\u00e9elles. Les \u00e9chantillons de pr\u00e9-s\u00e9rie sont envoy\u00e9s au client pour la validation finale, comprenant des v\u00e9rifications dimensionnelles, des contr\u00f4les qualit\u00e9 et une \u00e9valuation des performances. Sur la base des retours client, le [&#8230;]<\/p>\n<p><a class=\"btn btn-secondary understrap-read-more-link\" href=\"https:\/\/nearbygroup.it\/fr\/services\/pre-series-and-mass-production\/\">Lire la suite&#8230;<\/a><\/p>\n","protected":false},"author":1,"featured_media":0,"parent":2532,"menu_order":84,"comment_status":"closed","ping_status":"closed","template":"page-templates\/pre-series-mass-production-page.php","meta":{"_acf_changed":false,"inline_featured_image":false,"footnotes":""},"class_list":["post-2592","page","type-page","status-publish","hentry"],"acf":[],"yoast_head":"<!-- This site is optimized with the Yoast SEO plugin v27.5 - https:\/\/yoast.com\/product\/yoast-seo-wordpress\/ -->\n<title>Pr\u00e9-s\u00e9rie et Production en S\u00e9rie pour Articles Sportifs | Nearby Group<\/title>\n<meta name=\"description\" content=\"Services d&#039;\u00e9chantillonnage de pr\u00e9-s\u00e9rie et de production industrielle en s\u00e9rie pour articles sportifs et composants techniques. Proc\u00e9d\u00e9s thermoplastiques, composites, assemblage et finition align\u00e9s sur les sp\u00e9cifications valid\u00e9es.\" \/>\n<meta name=\"robots\" content=\"index, follow, max-snippet:-1, max-image-preview:large, max-video-preview:-1\" \/>\n<link rel=\"canonical\" href=\"https:\/\/nearbygroup.it\/fr\/services\/pre-series-and-mass-production\/\" \/>\n<meta property=\"og:locale\" content=\"fr_FR\" \/>\n<meta property=\"og:type\" content=\"article\" \/>\n<meta property=\"og:title\" content=\"Pr\u00e9-s\u00e9rie et Production en S\u00e9rie pour Articles Sportifs | Nearby Group\" \/>\n<meta property=\"og:description\" content=\"Services d&#039;\u00e9chantillonnage de pr\u00e9-s\u00e9rie et de production industrielle en s\u00e9rie pour articles sportifs et composants techniques. Proc\u00e9d\u00e9s thermoplastiques, composites, assemblage et finition align\u00e9s sur les sp\u00e9cifications valid\u00e9es.\" \/>\n<meta property=\"og:url\" content=\"https:\/\/nearbygroup.it\/fr\/services\/pre-series-and-mass-production\/\" \/>\n<meta property=\"og:site_name\" content=\"NearBy Group\" \/>\n<meta property=\"article:modified_time\" content=\"2026-05-13T13:08:19+00:00\" \/>\n<meta name=\"twitter:card\" content=\"summary_large_image\" \/>\n<meta name=\"twitter:label1\" content=\"Dur\u00e9e de lecture estim\u00e9e\" \/>\n\t<meta name=\"twitter:data1\" content=\"4 minutes\" \/>\n<script type=\"application\/ld+json\" class=\"yoast-schema-graph\">{\"@context\":\"https:\\\/\\\/schema.org\",\"@graph\":[{\"@type\":\"WebPage\",\"@id\":\"https:\\\/\\\/nearbygroup.it\\\/fr\\\/services\\\/pre-series-and-mass-production\\\/\",\"url\":\"https:\\\/\\\/nearbygroup.it\\\/fr\\\/services\\\/pre-series-and-mass-production\\\/\",\"name\":\"Pr\u00e9-s\u00e9rie et Production en S\u00e9rie pour Articles Sportifs | Nearby Group\",\"isPartOf\":{\"@id\":\"https:\\\/\\\/nearbygroup.it\\\/fr\\\/#website\"},\"datePublished\":\"2025-09-23T09:35:50+00:00\",\"dateModified\":\"2026-05-13T13:08:19+00:00\",\"description\":\"Services d'\u00e9chantillonnage de pr\u00e9-s\u00e9rie et de production industrielle en s\u00e9rie pour articles sportifs et composants techniques. Proc\u00e9d\u00e9s thermoplastiques, composites, assemblage et finition align\u00e9s sur les sp\u00e9cifications valid\u00e9es.\",\"breadcrumb\":{\"@id\":\"https:\\\/\\\/nearbygroup.it\\\/fr\\\/services\\\/pre-series-and-mass-production\\\/#breadcrumb\"},\"inLanguage\":\"fr-FR\",\"potentialAction\":[{\"@type\":\"ReadAction\",\"target\":[\"https:\\\/\\\/nearbygroup.it\\\/fr\\\/services\\\/pre-series-and-mass-production\\\/\"]}]},{\"@type\":\"BreadcrumbList\",\"@id\":\"https:\\\/\\\/nearbygroup.it\\\/fr\\\/services\\\/pre-series-and-mass-production\\\/#breadcrumb\",\"itemListElement\":[{\"@type\":\"ListItem\",\"position\":1,\"name\":\"Home\",\"item\":\"https:\\\/\\\/nearbygroup.it\\\/fr\\\/\"},{\"@type\":\"ListItem\",\"position\":2,\"name\":\"Services\",\"item\":\"https:\\\/\\\/nearbygroup.it\\\/fr\\\/services\\\/\"},{\"@type\":\"ListItem\",\"position\":3,\"name\":\"Pr\u00e9-s\u00e9rie et Production en S\u00e9rie\"}]},{\"@type\":\"WebSite\",\"@id\":\"https:\\\/\\\/nearbygroup.it\\\/fr\\\/#website\",\"url\":\"https:\\\/\\\/nearbygroup.it\\\/fr\\\/\",\"name\":\"NearBy Group\",\"description\":\"Products for Active and Mindful People\",\"publisher\":{\"@id\":\"https:\\\/\\\/nearbygroup.it\\\/fr\\\/#organization\"},\"potentialAction\":[{\"@type\":\"SearchAction\",\"target\":{\"@type\":\"EntryPoint\",\"urlTemplate\":\"https:\\\/\\\/nearbygroup.it\\\/fr\\\/?s={search_term_string}\"},\"query-input\":{\"@type\":\"PropertyValueSpecification\",\"valueRequired\":true,\"valueName\":\"search_term_string\"}}],\"inLanguage\":\"fr-FR\"},{\"@type\":\"Organization\",\"@id\":\"https:\\\/\\\/nearbygroup.it\\\/fr\\\/#organization\",\"name\":\"Nearby Group\",\"url\":\"https:\\\/\\\/nearbygroup.it\\\/fr\\\/\",\"logo\":{\"@type\":\"ImageObject\",\"inLanguage\":\"fr-FR\",\"@id\":\"https:\\\/\\\/nearbygroup.it\\\/fr\\\/#\\\/schema\\\/logo\\\/image\\\/\",\"url\":\"https:\\\/\\\/nearbygroup.it\\\/wp-content\\\/uploads\\\/2021\\\/09\\\/Logo-Nearby-Group.jpg\",\"contentUrl\":\"https:\\\/\\\/nearbygroup.it\\\/wp-content\\\/uploads\\\/2021\\\/09\\\/Logo-Nearby-Group.jpg\",\"width\":300,\"height\":300,\"caption\":\"Nearby Group\"},\"image\":{\"@id\":\"https:\\\/\\\/nearbygroup.it\\\/fr\\\/#\\\/schema\\\/logo\\\/image\\\/\"},\"sameAs\":[\"https:\\\/\\\/www.linkedin.com\\\/company\\\/nearby-group\"]}]}<\/script>\n<!-- \/ Yoast SEO plugin. -->","yoast_head_json":{"title":"Pr\u00e9-s\u00e9rie et Production en S\u00e9rie pour Articles Sportifs | Nearby Group","description":"Services d'\u00e9chantillonnage de pr\u00e9-s\u00e9rie et de production industrielle en s\u00e9rie pour articles sportifs et composants techniques. Proc\u00e9d\u00e9s thermoplastiques, composites, assemblage et finition align\u00e9s sur les sp\u00e9cifications valid\u00e9es.","robots":{"index":"index","follow":"follow","max-snippet":"max-snippet:-1","max-image-preview":"max-image-preview:large","max-video-preview":"max-video-preview:-1"},"canonical":"https:\/\/nearbygroup.it\/fr\/services\/pre-series-and-mass-production\/","og_locale":"fr_FR","og_type":"article","og_title":"Pr\u00e9-s\u00e9rie et Production en S\u00e9rie pour Articles Sportifs | Nearby Group","og_description":"Services d'\u00e9chantillonnage de pr\u00e9-s\u00e9rie et de production industrielle en s\u00e9rie pour articles sportifs et composants techniques. Proc\u00e9d\u00e9s thermoplastiques, composites, assemblage et finition align\u00e9s sur les sp\u00e9cifications valid\u00e9es.","og_url":"https:\/\/nearbygroup.it\/fr\/services\/pre-series-and-mass-production\/","og_site_name":"NearBy Group","article_modified_time":"2026-05-13T13:08:19+00:00","twitter_card":"summary_large_image","twitter_misc":{"Dur\u00e9e de lecture estim\u00e9e":"4 minutes"},"schema":{"@context":"https:\/\/schema.org","@graph":[{"@type":"WebPage","@id":"https:\/\/nearbygroup.it\/fr\/services\/pre-series-and-mass-production\/","url":"https:\/\/nearbygroup.it\/fr\/services\/pre-series-and-mass-production\/","name":"Pr\u00e9-s\u00e9rie et Production en S\u00e9rie pour Articles Sportifs | Nearby Group","isPartOf":{"@id":"https:\/\/nearbygroup.it\/fr\/#website"},"datePublished":"2025-09-23T09:35:50+00:00","dateModified":"2026-05-13T13:08:19+00:00","description":"Services d'\u00e9chantillonnage de pr\u00e9-s\u00e9rie et de production industrielle en s\u00e9rie pour articles sportifs et composants techniques. Proc\u00e9d\u00e9s thermoplastiques, composites, assemblage et finition align\u00e9s sur les sp\u00e9cifications valid\u00e9es.","breadcrumb":{"@id":"https:\/\/nearbygroup.it\/fr\/services\/pre-series-and-mass-production\/#breadcrumb"},"inLanguage":"fr-FR","potentialAction":[{"@type":"ReadAction","target":["https:\/\/nearbygroup.it\/fr\/services\/pre-series-and-mass-production\/"]}]},{"@type":"BreadcrumbList","@id":"https:\/\/nearbygroup.it\/fr\/services\/pre-series-and-mass-production\/#breadcrumb","itemListElement":[{"@type":"ListItem","position":1,"name":"Home","item":"https:\/\/nearbygroup.it\/fr\/"},{"@type":"ListItem","position":2,"name":"Services","item":"https:\/\/nearbygroup.it\/fr\/services\/"},{"@type":"ListItem","position":3,"name":"Pr\u00e9-s\u00e9rie et Production en S\u00e9rie"}]},{"@type":"WebSite","@id":"https:\/\/nearbygroup.it\/fr\/#website","url":"https:\/\/nearbygroup.it\/fr\/","name":"NearBy Group","description":"Products for Active and Mindful People","publisher":{"@id":"https:\/\/nearbygroup.it\/fr\/#organization"},"potentialAction":[{"@type":"SearchAction","target":{"@type":"EntryPoint","urlTemplate":"https:\/\/nearbygroup.it\/fr\/?s={search_term_string}"},"query-input":{"@type":"PropertyValueSpecification","valueRequired":true,"valueName":"search_term_string"}}],"inLanguage":"fr-FR"},{"@type":"Organization","@id":"https:\/\/nearbygroup.it\/fr\/#organization","name":"Nearby Group","url":"https:\/\/nearbygroup.it\/fr\/","logo":{"@type":"ImageObject","inLanguage":"fr-FR","@id":"https:\/\/nearbygroup.it\/fr\/#\/schema\/logo\/image\/","url":"https:\/\/nearbygroup.it\/wp-content\/uploads\/2021\/09\/Logo-Nearby-Group.jpg","contentUrl":"https:\/\/nearbygroup.it\/wp-content\/uploads\/2021\/09\/Logo-Nearby-Group.jpg","width":300,"height":300,"caption":"Nearby Group"},"image":{"@id":"https:\/\/nearbygroup.it\/fr\/#\/schema\/logo\/image\/"},"sameAs":["https:\/\/www.linkedin.com\/company\/nearby-group"]}]}},"_links":{"self":[{"href":"https:\/\/nearbygroup.it\/fr\/wp-json\/wp\/v2\/pages\/2592","targetHints":{"allow":["GET"]}}],"collection":[{"href":"https:\/\/nearbygroup.it\/fr\/wp-json\/wp\/v2\/pages"}],"about":[{"href":"https:\/\/nearbygroup.it\/fr\/wp-json\/wp\/v2\/types\/page"}],"author":[{"embeddable":true,"href":"https:\/\/nearbygroup.it\/fr\/wp-json\/wp\/v2\/users\/1"}],"replies":[{"embeddable":true,"href":"https:\/\/nearbygroup.it\/fr\/wp-json\/wp\/v2\/comments?post=2592"}],"version-history":[{"count":3,"href":"https:\/\/nearbygroup.it\/fr\/wp-json\/wp\/v2\/pages\/2592\/revisions"}],"predecessor-version":[{"id":3886,"href":"https:\/\/nearbygroup.it\/fr\/wp-json\/wp\/v2\/pages\/2592\/revisions\/3886"}],"up":[{"embeddable":true,"href":"https:\/\/nearbygroup.it\/fr\/wp-json\/wp\/v2\/pages\/2532"}],"wp:attachment":[{"href":"https:\/\/nearbygroup.it\/fr\/wp-json\/wp\/v2\/media?parent=2592"}],"curies":[{"name":"wp","href":"https:\/\/api.w.org\/{rel}","templated":true}]}}