{"id":2584,"date":"2025-10-23T14:26:11","date_gmt":"2025-10-23T12:26:11","guid":{"rendered":"https:\/\/nearbygroup.it\/services\/equipment-development-and-homologation\/"},"modified":"2026-05-13T15:07:46","modified_gmt":"2026-05-13T13:07:46","slug":"equipment-development-and-homologation","status":"publish","type":"page","link":"https:\/\/nearbygroup.it\/fr\/services\/equipment-development-and-homologation\/","title":{"rendered":"D\u00e9veloppement et Homologation d\u2019\u00c9quipements"},"content":{"rendered":"<p class=\"p1\">Ce service int\u00e8gre la validation technique et la conformit\u00e9 r\u00e9glementaire afin de transformer les prototypes en produits certifi\u00e9s et pr\u00eats \u00e0 \u00eatre commercialis\u00e9s, ainsi qu&rsquo;en \u00e9quipements techniques sp\u00e9cialis\u00e9s. Des premi\u00e8res phases de d\u00e9veloppement jusqu&rsquo;\u00e0 l&rsquo;approbation finale, les performances techniques et les exigences de s\u00e9curit\u00e9 sont align\u00e9es sur les normes europ\u00e9ennes et internationales en vigueur.<\/p>\n","protected":false},"excerpt":{"rendered":"<p>Ce service int\u00e8gre la validation technique et la conformit\u00e9 r\u00e9glementaire afin de transformer les prototypes en produits certifi\u00e9s et pr\u00eats \u00e0 \u00eatre commercialis\u00e9s, ainsi qu&rsquo;en \u00e9quipements techniques sp\u00e9cialis\u00e9s. Des premi\u00e8res phases de d\u00e9veloppement jusqu&rsquo;\u00e0 l&rsquo;approbation finale, les performances techniques et les exigences de s\u00e9curit\u00e9 sont align\u00e9es sur les normes europ\u00e9ennes et internationales en vigueur. [&#8230;]<\/p>\n<p><a class=\"btn btn-secondary understrap-read-more-link\" href=\"https:\/\/nearbygroup.it\/fr\/services\/equipment-development-and-homologation\/\">Lire la suite&#8230;<\/a><\/p>\n","protected":false},"author":1,"featured_media":2585,"parent":2532,"menu_order":76,"comment_status":"closed","ping_status":"closed","template":"page-templates\/single-service-page.php","meta":{"_acf_changed":false,"inline_featured_image":false,"footnotes":""},"class_list":["post-2584","page","type-page","status-publish","has-post-thumbnail","hentry"],"acf":[],"yoast_head":"<!-- This site is optimized with the Yoast SEO plugin v27.5 - https:\/\/yoast.com\/product\/yoast-seo-wordpress\/ -->\n<title>D\u00e9veloppement d&#039;\u00c9quipements et Certification Produit | Nearby Group<\/title>\n<meta name=\"description\" content=\"Services de d\u00e9veloppement et d&#039;homologation d&#039;\u00e9quipements ax\u00e9s sur l&#039;ing\u00e9nierie. Conformit\u00e9 aux normes europ\u00e9ennes et internationales de s\u00e9curit\u00e9 et de performance, du prototype au produit certifi\u00e9.\" \/>\n<meta name=\"robots\" content=\"index, follow, max-snippet:-1, max-image-preview:large, max-video-preview:-1\" \/>\n<link rel=\"canonical\" href=\"https:\/\/nearbygroup.it\/fr\/services\/equipment-development-and-homologation\/\" \/>\n<meta property=\"og:locale\" content=\"fr_FR\" \/>\n<meta property=\"og:type\" content=\"article\" \/>\n<meta property=\"og:title\" content=\"D\u00e9veloppement d&#039;\u00c9quipements et Certification Produit | Nearby Group\" \/>\n<meta property=\"og:description\" content=\"Services de d\u00e9veloppement et d&#039;homologation d&#039;\u00e9quipements ax\u00e9s sur l&#039;ing\u00e9nierie. Conformit\u00e9 aux normes europ\u00e9ennes et internationales de s\u00e9curit\u00e9 et de performance, du prototype au produit certifi\u00e9.\" \/>\n<meta property=\"og:url\" content=\"https:\/\/nearbygroup.it\/fr\/services\/equipment-development-and-homologation\/\" \/>\n<meta property=\"og:site_name\" content=\"NearBy Group\" \/>\n<meta property=\"article:modified_time\" content=\"2026-05-13T13:07:46+00:00\" \/>\n<meta property=\"og:image\" content=\"https:\/\/nearbygroup.it\/wp-content\/uploads\/2025\/10\/IMG20250712132259-scaled.jpg\" \/>\n\t<meta property=\"og:image:width\" content=\"1920\" \/>\n\t<meta property=\"og:image:height\" content=\"2560\" \/>\n\t<meta property=\"og:image:type\" content=\"image\/jpeg\" \/>\n<meta name=\"twitter:card\" content=\"summary_large_image\" \/>\n<meta name=\"twitter:label1\" content=\"Dur\u00e9e de lecture estim\u00e9e\" \/>\n\t<meta name=\"twitter:data1\" content=\"2 minutes\" \/>\n<script type=\"application\/ld+json\" class=\"yoast-schema-graph\">{\"@context\":\"https:\\\/\\\/schema.org\",\"@graph\":[{\"@type\":\"WebPage\",\"@id\":\"https:\\\/\\\/nearbygroup.it\\\/fr\\\/services\\\/equipment-development-and-homologation\\\/\",\"url\":\"https:\\\/\\\/nearbygroup.it\\\/fr\\\/services\\\/equipment-development-and-homologation\\\/\",\"name\":\"D\u00e9veloppement d'\u00c9quipements et Certification Produit | Nearby Group\",\"isPartOf\":{\"@id\":\"https:\\\/\\\/nearbygroup.it\\\/fr\\\/#website\"},\"primaryImageOfPage\":{\"@id\":\"https:\\\/\\\/nearbygroup.it\\\/fr\\\/services\\\/equipment-development-and-homologation\\\/#primaryimage\"},\"image\":{\"@id\":\"https:\\\/\\\/nearbygroup.it\\\/fr\\\/services\\\/equipment-development-and-homologation\\\/#primaryimage\"},\"thumbnailUrl\":\"https:\\\/\\\/nearbygroup.it\\\/wp-content\\\/uploads\\\/2025\\\/10\\\/IMG20250712132259-scaled.jpg\",\"datePublished\":\"2025-10-23T12:26:11+00:00\",\"dateModified\":\"2026-05-13T13:07:46+00:00\",\"description\":\"Services de d\u00e9veloppement et d'homologation d'\u00e9quipements ax\u00e9s sur l'ing\u00e9nierie. Conformit\u00e9 aux normes europ\u00e9ennes et internationales de s\u00e9curit\u00e9 et de performance, du prototype au produit certifi\u00e9.\",\"breadcrumb\":{\"@id\":\"https:\\\/\\\/nearbygroup.it\\\/fr\\\/services\\\/equipment-development-and-homologation\\\/#breadcrumb\"},\"inLanguage\":\"fr-FR\",\"potentialAction\":[{\"@type\":\"ReadAction\",\"target\":[\"https:\\\/\\\/nearbygroup.it\\\/fr\\\/services\\\/equipment-development-and-homologation\\\/\"]}]},{\"@type\":\"ImageObject\",\"inLanguage\":\"fr-FR\",\"@id\":\"https:\\\/\\\/nearbygroup.it\\\/fr\\\/services\\\/equipment-development-and-homologation\\\/#primaryimage\",\"url\":\"https:\\\/\\\/nearbygroup.it\\\/wp-content\\\/uploads\\\/2025\\\/10\\\/IMG20250712132259-scaled.jpg\",\"contentUrl\":\"https:\\\/\\\/nearbygroup.it\\\/wp-content\\\/uploads\\\/2025\\\/10\\\/IMG20250712132259-scaled.jpg\",\"width\":1920,\"height\":2560,\"caption\":\"oplus_32\"},{\"@type\":\"BreadcrumbList\",\"@id\":\"https:\\\/\\\/nearbygroup.it\\\/fr\\\/services\\\/equipment-development-and-homologation\\\/#breadcrumb\",\"itemListElement\":[{\"@type\":\"ListItem\",\"position\":1,\"name\":\"Home\",\"item\":\"https:\\\/\\\/nearbygroup.it\\\/fr\\\/\"},{\"@type\":\"ListItem\",\"position\":2,\"name\":\"Services\",\"item\":\"https:\\\/\\\/nearbygroup.it\\\/fr\\\/services\\\/\"},{\"@type\":\"ListItem\",\"position\":3,\"name\":\"D\u00e9veloppement et Homologation d\u2019\u00c9quipements\"}]},{\"@type\":\"WebSite\",\"@id\":\"https:\\\/\\\/nearbygroup.it\\\/fr\\\/#website\",\"url\":\"https:\\\/\\\/nearbygroup.it\\\/fr\\\/\",\"name\":\"NearBy Group\",\"description\":\"Products for Active and Mindful People\",\"publisher\":{\"@id\":\"https:\\\/\\\/nearbygroup.it\\\/fr\\\/#organization\"},\"potentialAction\":[{\"@type\":\"SearchAction\",\"target\":{\"@type\":\"EntryPoint\",\"urlTemplate\":\"https:\\\/\\\/nearbygroup.it\\\/fr\\\/?s={search_term_string}\"},\"query-input\":{\"@type\":\"PropertyValueSpecification\",\"valueRequired\":true,\"valueName\":\"search_term_string\"}}],\"inLanguage\":\"fr-FR\"},{\"@type\":\"Organization\",\"@id\":\"https:\\\/\\\/nearbygroup.it\\\/fr\\\/#organization\",\"name\":\"Nearby Group\",\"url\":\"https:\\\/\\\/nearbygroup.it\\\/fr\\\/\",\"logo\":{\"@type\":\"ImageObject\",\"inLanguage\":\"fr-FR\",\"@id\":\"https:\\\/\\\/nearbygroup.it\\\/fr\\\/#\\\/schema\\\/logo\\\/image\\\/\",\"url\":\"https:\\\/\\\/nearbygroup.it\\\/wp-content\\\/uploads\\\/2021\\\/09\\\/Logo-Nearby-Group.jpg\",\"contentUrl\":\"https:\\\/\\\/nearbygroup.it\\\/wp-content\\\/uploads\\\/2021\\\/09\\\/Logo-Nearby-Group.jpg\",\"width\":300,\"height\":300,\"caption\":\"Nearby Group\"},\"image\":{\"@id\":\"https:\\\/\\\/nearbygroup.it\\\/fr\\\/#\\\/schema\\\/logo\\\/image\\\/\"},\"sameAs\":[\"https:\\\/\\\/www.linkedin.com\\\/company\\\/nearby-group\"]}]}<\/script>\n<!-- \/ Yoast SEO plugin. -->","yoast_head_json":{"title":"D\u00e9veloppement d'\u00c9quipements et Certification Produit | Nearby Group","description":"Services de d\u00e9veloppement et d'homologation d'\u00e9quipements ax\u00e9s sur l'ing\u00e9nierie. Conformit\u00e9 aux normes europ\u00e9ennes et internationales de s\u00e9curit\u00e9 et de performance, du prototype au produit certifi\u00e9.","robots":{"index":"index","follow":"follow","max-snippet":"max-snippet:-1","max-image-preview":"max-image-preview:large","max-video-preview":"max-video-preview:-1"},"canonical":"https:\/\/nearbygroup.it\/fr\/services\/equipment-development-and-homologation\/","og_locale":"fr_FR","og_type":"article","og_title":"D\u00e9veloppement d'\u00c9quipements et Certification Produit | Nearby Group","og_description":"Services de d\u00e9veloppement et d'homologation d'\u00e9quipements ax\u00e9s sur l'ing\u00e9nierie. Conformit\u00e9 aux normes europ\u00e9ennes et internationales de s\u00e9curit\u00e9 et de performance, du prototype au produit certifi\u00e9.","og_url":"https:\/\/nearbygroup.it\/fr\/services\/equipment-development-and-homologation\/","og_site_name":"NearBy Group","article_modified_time":"2026-05-13T13:07:46+00:00","og_image":[{"width":1920,"height":2560,"url":"https:\/\/nearbygroup.it\/wp-content\/uploads\/2025\/10\/IMG20250712132259-scaled.jpg","type":"image\/jpeg"}],"twitter_card":"summary_large_image","twitter_misc":{"Dur\u00e9e de lecture estim\u00e9e":"2 minutes"},"schema":{"@context":"https:\/\/schema.org","@graph":[{"@type":"WebPage","@id":"https:\/\/nearbygroup.it\/fr\/services\/equipment-development-and-homologation\/","url":"https:\/\/nearbygroup.it\/fr\/services\/equipment-development-and-homologation\/","name":"D\u00e9veloppement d'\u00c9quipements et Certification Produit | Nearby Group","isPartOf":{"@id":"https:\/\/nearbygroup.it\/fr\/#website"},"primaryImageOfPage":{"@id":"https:\/\/nearbygroup.it\/fr\/services\/equipment-development-and-homologation\/#primaryimage"},"image":{"@id":"https:\/\/nearbygroup.it\/fr\/services\/equipment-development-and-homologation\/#primaryimage"},"thumbnailUrl":"https:\/\/nearbygroup.it\/wp-content\/uploads\/2025\/10\/IMG20250712132259-scaled.jpg","datePublished":"2025-10-23T12:26:11+00:00","dateModified":"2026-05-13T13:07:46+00:00","description":"Services de d\u00e9veloppement et d'homologation d'\u00e9quipements ax\u00e9s sur l'ing\u00e9nierie. Conformit\u00e9 aux normes europ\u00e9ennes et internationales de s\u00e9curit\u00e9 et de performance, du prototype au produit certifi\u00e9.","breadcrumb":{"@id":"https:\/\/nearbygroup.it\/fr\/services\/equipment-development-and-homologation\/#breadcrumb"},"inLanguage":"fr-FR","potentialAction":[{"@type":"ReadAction","target":["https:\/\/nearbygroup.it\/fr\/services\/equipment-development-and-homologation\/"]}]},{"@type":"ImageObject","inLanguage":"fr-FR","@id":"https:\/\/nearbygroup.it\/fr\/services\/equipment-development-and-homologation\/#primaryimage","url":"https:\/\/nearbygroup.it\/wp-content\/uploads\/2025\/10\/IMG20250712132259-scaled.jpg","contentUrl":"https:\/\/nearbygroup.it\/wp-content\/uploads\/2025\/10\/IMG20250712132259-scaled.jpg","width":1920,"height":2560,"caption":"oplus_32"},{"@type":"BreadcrumbList","@id":"https:\/\/nearbygroup.it\/fr\/services\/equipment-development-and-homologation\/#breadcrumb","itemListElement":[{"@type":"ListItem","position":1,"name":"Home","item":"https:\/\/nearbygroup.it\/fr\/"},{"@type":"ListItem","position":2,"name":"Services","item":"https:\/\/nearbygroup.it\/fr\/services\/"},{"@type":"ListItem","position":3,"name":"D\u00e9veloppement et Homologation d\u2019\u00c9quipements"}]},{"@type":"WebSite","@id":"https:\/\/nearbygroup.it\/fr\/#website","url":"https:\/\/nearbygroup.it\/fr\/","name":"NearBy Group","description":"Products for Active and Mindful People","publisher":{"@id":"https:\/\/nearbygroup.it\/fr\/#organization"},"potentialAction":[{"@type":"SearchAction","target":{"@type":"EntryPoint","urlTemplate":"https:\/\/nearbygroup.it\/fr\/?s={search_term_string}"},"query-input":{"@type":"PropertyValueSpecification","valueRequired":true,"valueName":"search_term_string"}}],"inLanguage":"fr-FR"},{"@type":"Organization","@id":"https:\/\/nearbygroup.it\/fr\/#organization","name":"Nearby Group","url":"https:\/\/nearbygroup.it\/fr\/","logo":{"@type":"ImageObject","inLanguage":"fr-FR","@id":"https:\/\/nearbygroup.it\/fr\/#\/schema\/logo\/image\/","url":"https:\/\/nearbygroup.it\/wp-content\/uploads\/2021\/09\/Logo-Nearby-Group.jpg","contentUrl":"https:\/\/nearbygroup.it\/wp-content\/uploads\/2021\/09\/Logo-Nearby-Group.jpg","width":300,"height":300,"caption":"Nearby Group"},"image":{"@id":"https:\/\/nearbygroup.it\/fr\/#\/schema\/logo\/image\/"},"sameAs":["https:\/\/www.linkedin.com\/company\/nearby-group"]}]}},"_links":{"self":[{"href":"https:\/\/nearbygroup.it\/fr\/wp-json\/wp\/v2\/pages\/2584","targetHints":{"allow":["GET"]}}],"collection":[{"href":"https:\/\/nearbygroup.it\/fr\/wp-json\/wp\/v2\/pages"}],"about":[{"href":"https:\/\/nearbygroup.it\/fr\/wp-json\/wp\/v2\/types\/page"}],"author":[{"embeddable":true,"href":"https:\/\/nearbygroup.it\/fr\/wp-json\/wp\/v2\/users\/1"}],"replies":[{"embeddable":true,"href":"https:\/\/nearbygroup.it\/fr\/wp-json\/wp\/v2\/comments?post=2584"}],"version-history":[{"count":3,"href":"https:\/\/nearbygroup.it\/fr\/wp-json\/wp\/v2\/pages\/2584\/revisions"}],"predecessor-version":[{"id":3885,"href":"https:\/\/nearbygroup.it\/fr\/wp-json\/wp\/v2\/pages\/2584\/revisions\/3885"}],"up":[{"embeddable":true,"href":"https:\/\/nearbygroup.it\/fr\/wp-json\/wp\/v2\/pages\/2532"}],"wp:featuredmedia":[{"embeddable":true,"href":"https:\/\/nearbygroup.it\/fr\/wp-json\/wp\/v2\/media\/2585"}],"wp:attachment":[{"href":"https:\/\/nearbygroup.it\/fr\/wp-json\/wp\/v2\/media?parent=2584"}],"curies":[{"name":"wp","href":"https:\/\/api.w.org\/{rel}","templated":true}]}}