{"id":2573,"date":"2025-09-29T10:32:36","date_gmt":"2025-09-29T08:32:36","guid":{"rendered":"https:\/\/nearbygroup.it\/services\/rd-and-lab-test\/"},"modified":"2026-05-13T15:07:07","modified_gmt":"2026-05-13T13:07:07","slug":"rd-and-lab-test","status":"publish","type":"page","link":"https:\/\/nearbygroup.it\/fr\/services\/rd-and-lab-test\/","title":{"rendered":"R&#038;D et Tests de Laboratoire"},"content":{"rendered":"<p class=\"p1\">Au sein de notre laboratoire d&rsquo;essais interne, les performances m\u00e9caniques et structurales sont v\u00e9rifi\u00e9es dans des conditions contr\u00f4l\u00e9es et reproductibles avant la production en s\u00e9rie.<\/p>\n","protected":false},"excerpt":{"rendered":"<p>Au sein de notre laboratoire d&rsquo;essais interne, les performances m\u00e9caniques et structurales sont v\u00e9rifi\u00e9es dans des conditions contr\u00f4l\u00e9es et reproductibles avant la production en s\u00e9rie. [&#8230;]<\/p>\n<p><a class=\"btn btn-secondary understrap-read-more-link\" href=\"https:\/\/nearbygroup.it\/fr\/services\/rd-and-lab-test\/\">Lire la suite&#8230;<\/a><\/p>\n","protected":false},"author":1,"featured_media":2575,"parent":2532,"menu_order":71,"comment_status":"closed","ping_status":"closed","template":"page-templates\/single-service-page.php","meta":{"_acf_changed":false,"inline_featured_image":false,"footnotes":""},"class_list":["post-2573","page","type-page","status-publish","has-post-thumbnail","hentry"],"acf":[],"yoast_head":"<!-- This site is optimized with the Yoast SEO plugin v27.5 - https:\/\/yoast.com\/product\/yoast-seo-wordpress\/ -->\n<title>Tests de Laboratoire et R&amp;D pour Articles Sportifs | Nearby Group<\/title>\n<meta name=\"description\" content=\"Tests de laboratoire R&amp;D en interne pour chaussures de ski, selles, casques, \u00e9quipements de protection et autres composants haute performance. Validation par les donn\u00e9es pour la performance, la fiabilit\u00e9 et la conformit\u00e9.\" \/>\n<meta name=\"robots\" content=\"index, follow, max-snippet:-1, max-image-preview:large, max-video-preview:-1\" \/>\n<link rel=\"canonical\" href=\"https:\/\/nearbygroup.it\/fr\/services\/rd-and-lab-test\/\" \/>\n<meta property=\"og:locale\" content=\"fr_FR\" \/>\n<meta property=\"og:type\" content=\"article\" \/>\n<meta property=\"og:title\" content=\"Tests de Laboratoire et R&amp;D pour Articles Sportifs | Nearby Group\" \/>\n<meta property=\"og:description\" content=\"Tests de laboratoire R&amp;D en interne pour chaussures de ski, selles, casques, \u00e9quipements de protection et autres composants haute performance. Validation par les donn\u00e9es pour la performance, la fiabilit\u00e9 et la conformit\u00e9.\" \/>\n<meta property=\"og:url\" content=\"https:\/\/nearbygroup.it\/fr\/services\/rd-and-lab-test\/\" \/>\n<meta property=\"og:site_name\" content=\"NearBy Group\" \/>\n<meta property=\"article:modified_time\" content=\"2026-05-13T13:07:07+00:00\" \/>\n<meta property=\"og:image\" content=\"https:\/\/nearbygroup.it\/wp-content\/uploads\/2025\/10\/lab_testing_crop-848x1024.png\" \/>\n\t<meta property=\"og:image:width\" content=\"848\" \/>\n\t<meta property=\"og:image:height\" content=\"1024\" \/>\n\t<meta property=\"og:image:type\" content=\"image\/png\" \/>\n<meta name=\"twitter:card\" content=\"summary_large_image\" \/>\n<meta name=\"twitter:label1\" content=\"Dur\u00e9e de lecture estim\u00e9e\" \/>\n\t<meta name=\"twitter:data1\" content=\"2 minutes\" \/>\n<script type=\"application\/ld+json\" class=\"yoast-schema-graph\">{\"@context\":\"https:\\\/\\\/schema.org\",\"@graph\":[{\"@type\":\"WebPage\",\"@id\":\"https:\\\/\\\/nearbygroup.it\\\/fr\\\/services\\\/rd-and-lab-test\\\/\",\"url\":\"https:\\\/\\\/nearbygroup.it\\\/fr\\\/services\\\/rd-and-lab-test\\\/\",\"name\":\"Tests de Laboratoire et R&D pour Articles Sportifs | Nearby Group\",\"isPartOf\":{\"@id\":\"https:\\\/\\\/nearbygroup.it\\\/fr\\\/#website\"},\"primaryImageOfPage\":{\"@id\":\"https:\\\/\\\/nearbygroup.it\\\/fr\\\/services\\\/rd-and-lab-test\\\/#primaryimage\"},\"image\":{\"@id\":\"https:\\\/\\\/nearbygroup.it\\\/fr\\\/services\\\/rd-and-lab-test\\\/#primaryimage\"},\"thumbnailUrl\":\"https:\\\/\\\/nearbygroup.it\\\/wp-content\\\/uploads\\\/2025\\\/10\\\/lab_testing_crop.png\",\"datePublished\":\"2025-09-29T08:32:36+00:00\",\"dateModified\":\"2026-05-13T13:07:07+00:00\",\"description\":\"Tests de laboratoire R&D en interne pour chaussures de ski, selles, casques, \u00e9quipements de protection et autres composants haute performance. Validation par les donn\u00e9es pour la performance, la fiabilit\u00e9 et la conformit\u00e9.\",\"breadcrumb\":{\"@id\":\"https:\\\/\\\/nearbygroup.it\\\/fr\\\/services\\\/rd-and-lab-test\\\/#breadcrumb\"},\"inLanguage\":\"fr-FR\",\"potentialAction\":[{\"@type\":\"ReadAction\",\"target\":[\"https:\\\/\\\/nearbygroup.it\\\/fr\\\/services\\\/rd-and-lab-test\\\/\"]}]},{\"@type\":\"ImageObject\",\"inLanguage\":\"fr-FR\",\"@id\":\"https:\\\/\\\/nearbygroup.it\\\/fr\\\/services\\\/rd-and-lab-test\\\/#primaryimage\",\"url\":\"https:\\\/\\\/nearbygroup.it\\\/wp-content\\\/uploads\\\/2025\\\/10\\\/lab_testing_crop.png\",\"contentUrl\":\"https:\\\/\\\/nearbygroup.it\\\/wp-content\\\/uploads\\\/2025\\\/10\\\/lab_testing_crop.png\",\"width\":1788,\"height\":2160},{\"@type\":\"BreadcrumbList\",\"@id\":\"https:\\\/\\\/nearbygroup.it\\\/fr\\\/services\\\/rd-and-lab-test\\\/#breadcrumb\",\"itemListElement\":[{\"@type\":\"ListItem\",\"position\":1,\"name\":\"Home\",\"item\":\"https:\\\/\\\/nearbygroup.it\\\/fr\\\/\"},{\"@type\":\"ListItem\",\"position\":2,\"name\":\"Services\",\"item\":\"https:\\\/\\\/nearbygroup.it\\\/fr\\\/services\\\/\"},{\"@type\":\"ListItem\",\"position\":3,\"name\":\"R&#038;D et Tests de Laboratoire\"}]},{\"@type\":\"WebSite\",\"@id\":\"https:\\\/\\\/nearbygroup.it\\\/fr\\\/#website\",\"url\":\"https:\\\/\\\/nearbygroup.it\\\/fr\\\/\",\"name\":\"NearBy Group\",\"description\":\"Products for Active and Mindful People\",\"publisher\":{\"@id\":\"https:\\\/\\\/nearbygroup.it\\\/fr\\\/#organization\"},\"potentialAction\":[{\"@type\":\"SearchAction\",\"target\":{\"@type\":\"EntryPoint\",\"urlTemplate\":\"https:\\\/\\\/nearbygroup.it\\\/fr\\\/?s={search_term_string}\"},\"query-input\":{\"@type\":\"PropertyValueSpecification\",\"valueRequired\":true,\"valueName\":\"search_term_string\"}}],\"inLanguage\":\"fr-FR\"},{\"@type\":\"Organization\",\"@id\":\"https:\\\/\\\/nearbygroup.it\\\/fr\\\/#organization\",\"name\":\"Nearby Group\",\"url\":\"https:\\\/\\\/nearbygroup.it\\\/fr\\\/\",\"logo\":{\"@type\":\"ImageObject\",\"inLanguage\":\"fr-FR\",\"@id\":\"https:\\\/\\\/nearbygroup.it\\\/fr\\\/#\\\/schema\\\/logo\\\/image\\\/\",\"url\":\"https:\\\/\\\/nearbygroup.it\\\/wp-content\\\/uploads\\\/2021\\\/09\\\/Logo-Nearby-Group.jpg\",\"contentUrl\":\"https:\\\/\\\/nearbygroup.it\\\/wp-content\\\/uploads\\\/2021\\\/09\\\/Logo-Nearby-Group.jpg\",\"width\":300,\"height\":300,\"caption\":\"Nearby Group\"},\"image\":{\"@id\":\"https:\\\/\\\/nearbygroup.it\\\/fr\\\/#\\\/schema\\\/logo\\\/image\\\/\"},\"sameAs\":[\"https:\\\/\\\/www.linkedin.com\\\/company\\\/nearby-group\"]}]}<\/script>\n<!-- \/ Yoast SEO plugin. -->","yoast_head_json":{"title":"Tests de Laboratoire et R&D pour Articles Sportifs | Nearby Group","description":"Tests de laboratoire R&D en interne pour chaussures de ski, selles, casques, \u00e9quipements de protection et autres composants haute performance. Validation par les donn\u00e9es pour la performance, la fiabilit\u00e9 et la conformit\u00e9.","robots":{"index":"index","follow":"follow","max-snippet":"max-snippet:-1","max-image-preview":"max-image-preview:large","max-video-preview":"max-video-preview:-1"},"canonical":"https:\/\/nearbygroup.it\/fr\/services\/rd-and-lab-test\/","og_locale":"fr_FR","og_type":"article","og_title":"Tests de Laboratoire et R&D pour Articles Sportifs | Nearby Group","og_description":"Tests de laboratoire R&D en interne pour chaussures de ski, selles, casques, \u00e9quipements de protection et autres composants haute performance. Validation par les donn\u00e9es pour la performance, la fiabilit\u00e9 et la conformit\u00e9.","og_url":"https:\/\/nearbygroup.it\/fr\/services\/rd-and-lab-test\/","og_site_name":"NearBy Group","article_modified_time":"2026-05-13T13:07:07+00:00","og_image":[{"width":848,"height":1024,"url":"https:\/\/nearbygroup.it\/wp-content\/uploads\/2025\/10\/lab_testing_crop-848x1024.png","type":"image\/png"}],"twitter_card":"summary_large_image","twitter_misc":{"Dur\u00e9e de lecture estim\u00e9e":"2 minutes"},"schema":{"@context":"https:\/\/schema.org","@graph":[{"@type":"WebPage","@id":"https:\/\/nearbygroup.it\/fr\/services\/rd-and-lab-test\/","url":"https:\/\/nearbygroup.it\/fr\/services\/rd-and-lab-test\/","name":"Tests de Laboratoire et R&D pour Articles Sportifs | Nearby Group","isPartOf":{"@id":"https:\/\/nearbygroup.it\/fr\/#website"},"primaryImageOfPage":{"@id":"https:\/\/nearbygroup.it\/fr\/services\/rd-and-lab-test\/#primaryimage"},"image":{"@id":"https:\/\/nearbygroup.it\/fr\/services\/rd-and-lab-test\/#primaryimage"},"thumbnailUrl":"https:\/\/nearbygroup.it\/wp-content\/uploads\/2025\/10\/lab_testing_crop.png","datePublished":"2025-09-29T08:32:36+00:00","dateModified":"2026-05-13T13:07:07+00:00","description":"Tests de laboratoire R&D en interne pour chaussures de ski, selles, casques, \u00e9quipements de protection et autres composants haute performance. Validation par les donn\u00e9es pour la performance, la fiabilit\u00e9 et la conformit\u00e9.","breadcrumb":{"@id":"https:\/\/nearbygroup.it\/fr\/services\/rd-and-lab-test\/#breadcrumb"},"inLanguage":"fr-FR","potentialAction":[{"@type":"ReadAction","target":["https:\/\/nearbygroup.it\/fr\/services\/rd-and-lab-test\/"]}]},{"@type":"ImageObject","inLanguage":"fr-FR","@id":"https:\/\/nearbygroup.it\/fr\/services\/rd-and-lab-test\/#primaryimage","url":"https:\/\/nearbygroup.it\/wp-content\/uploads\/2025\/10\/lab_testing_crop.png","contentUrl":"https:\/\/nearbygroup.it\/wp-content\/uploads\/2025\/10\/lab_testing_crop.png","width":1788,"height":2160},{"@type":"BreadcrumbList","@id":"https:\/\/nearbygroup.it\/fr\/services\/rd-and-lab-test\/#breadcrumb","itemListElement":[{"@type":"ListItem","position":1,"name":"Home","item":"https:\/\/nearbygroup.it\/fr\/"},{"@type":"ListItem","position":2,"name":"Services","item":"https:\/\/nearbygroup.it\/fr\/services\/"},{"@type":"ListItem","position":3,"name":"R&#038;D et Tests de Laboratoire"}]},{"@type":"WebSite","@id":"https:\/\/nearbygroup.it\/fr\/#website","url":"https:\/\/nearbygroup.it\/fr\/","name":"NearBy Group","description":"Products for Active and Mindful People","publisher":{"@id":"https:\/\/nearbygroup.it\/fr\/#organization"},"potentialAction":[{"@type":"SearchAction","target":{"@type":"EntryPoint","urlTemplate":"https:\/\/nearbygroup.it\/fr\/?s={search_term_string}"},"query-input":{"@type":"PropertyValueSpecification","valueRequired":true,"valueName":"search_term_string"}}],"inLanguage":"fr-FR"},{"@type":"Organization","@id":"https:\/\/nearbygroup.it\/fr\/#organization","name":"Nearby Group","url":"https:\/\/nearbygroup.it\/fr\/","logo":{"@type":"ImageObject","inLanguage":"fr-FR","@id":"https:\/\/nearbygroup.it\/fr\/#\/schema\/logo\/image\/","url":"https:\/\/nearbygroup.it\/wp-content\/uploads\/2021\/09\/Logo-Nearby-Group.jpg","contentUrl":"https:\/\/nearbygroup.it\/wp-content\/uploads\/2021\/09\/Logo-Nearby-Group.jpg","width":300,"height":300,"caption":"Nearby Group"},"image":{"@id":"https:\/\/nearbygroup.it\/fr\/#\/schema\/logo\/image\/"},"sameAs":["https:\/\/www.linkedin.com\/company\/nearby-group"]}]}},"_links":{"self":[{"href":"https:\/\/nearbygroup.it\/fr\/wp-json\/wp\/v2\/pages\/2573","targetHints":{"allow":["GET"]}}],"collection":[{"href":"https:\/\/nearbygroup.it\/fr\/wp-json\/wp\/v2\/pages"}],"about":[{"href":"https:\/\/nearbygroup.it\/fr\/wp-json\/wp\/v2\/types\/page"}],"author":[{"embeddable":true,"href":"https:\/\/nearbygroup.it\/fr\/wp-json\/wp\/v2\/users\/1"}],"replies":[{"embeddable":true,"href":"https:\/\/nearbygroup.it\/fr\/wp-json\/wp\/v2\/comments?post=2573"}],"version-history":[{"count":3,"href":"https:\/\/nearbygroup.it\/fr\/wp-json\/wp\/v2\/pages\/2573\/revisions"}],"predecessor-version":[{"id":3884,"href":"https:\/\/nearbygroup.it\/fr\/wp-json\/wp\/v2\/pages\/2573\/revisions\/3884"}],"up":[{"embeddable":true,"href":"https:\/\/nearbygroup.it\/fr\/wp-json\/wp\/v2\/pages\/2532"}],"wp:featuredmedia":[{"embeddable":true,"href":"https:\/\/nearbygroup.it\/fr\/wp-json\/wp\/v2\/media\/2575"}],"wp:attachment":[{"href":"https:\/\/nearbygroup.it\/fr\/wp-json\/wp\/v2\/media?parent=2573"}],"curies":[{"name":"wp","href":"https:\/\/api.w.org\/{rel}","templated":true}]}}