{"id":2564,"date":"2025-09-29T10:37:43","date_gmt":"2025-09-29T08:37:43","guid":{"rendered":"https:\/\/nearbygroup.it\/services\/simulation-analysis\/"},"modified":"2026-05-13T15:06:34","modified_gmt":"2026-05-13T13:06:34","slug":"simulation-analysis","status":"publish","type":"page","link":"https:\/\/nearbygroup.it\/fr\/services\/simulation-analysis\/","title":{"rendered":"Simulation et Analyse"},"content":{"rendered":"<p class=\"p1\">La simulation et l&rsquo;analyse jouent un r\u00f4le central dans la validation de la s\u00e9curit\u00e9 et des performances des produits avant le lancement de la production des outillages et de l&rsquo;industrialisation. Gr\u00e2ce \u00e0 une analyse structurale FEM avanc\u00e9e, les charges, les contraintes et le comportement sous sollicitation sont pr\u00e9dits afin de garantir que des composants tels que les coques de chaussures de ski, les selles de v\u00e9lo et les coques et rembourrages de casques r\u00e9sistent aux conditions r\u00e9elles d\u2019utilisation.<\/p>\n","protected":false},"excerpt":{"rendered":"<p>La simulation et l&rsquo;analyse jouent un r\u00f4le central dans la validation de la s\u00e9curit\u00e9 et des performances des produits avant le lancement de la production des outillages et de l&rsquo;industrialisation. Gr\u00e2ce \u00e0 une analyse structurale FEM avanc\u00e9e, les charges, les contraintes et le comportement sous sollicitation sont pr\u00e9dits afin de garantir que des composants tels [&#8230;]<\/p>\n<p><a class=\"btn btn-secondary understrap-read-more-link\" href=\"https:\/\/nearbygroup.it\/fr\/services\/simulation-analysis\/\">Lire la suite&#8230;<\/a><\/p>\n","protected":false},"author":1,"featured_media":2565,"parent":2532,"menu_order":66,"comment_status":"closed","ping_status":"closed","template":"page-templates\/single-service-page.php","meta":{"_acf_changed":false,"inline_featured_image":false,"footnotes":""},"class_list":["post-2564","page","type-page","status-publish","has-post-thumbnail","hentry"],"acf":[],"yoast_head":"<!-- This site is optimized with the Yoast SEO plugin v27.5 - https:\/\/yoast.com\/product\/yoast-seo-wordpress\/ -->\n<title>Analyse FEM et Simulation Mold-Flow | Nearby Group<\/title>\n<meta name=\"description\" content=\"Analyse structurale FEM avanc\u00e9e, simulation Mold-Flow et \u00e9valuation de la s\u00e9curit\u00e9 des mat\u00e9riaux pour produits sportifs. De la validation num\u00e9rique \u00e0 la conception pr\u00eate pour la production.\" \/>\n<meta name=\"robots\" content=\"index, follow, max-snippet:-1, max-image-preview:large, max-video-preview:-1\" \/>\n<link rel=\"canonical\" href=\"https:\/\/nearbygroup.it\/fr\/services\/simulation-analysis\/\" \/>\n<meta property=\"og:locale\" content=\"fr_FR\" \/>\n<meta property=\"og:type\" content=\"article\" \/>\n<meta property=\"og:title\" content=\"Analyse FEM et Simulation Mold-Flow | Nearby Group\" \/>\n<meta property=\"og:description\" content=\"Analyse structurale FEM avanc\u00e9e, simulation Mold-Flow et \u00e9valuation de la s\u00e9curit\u00e9 des mat\u00e9riaux pour produits sportifs. De la validation num\u00e9rique \u00e0 la conception pr\u00eate pour la production.\" \/>\n<meta property=\"og:url\" content=\"https:\/\/nearbygroup.it\/fr\/services\/simulation-analysis\/\" \/>\n<meta property=\"og:site_name\" content=\"NearBy Group\" \/>\n<meta property=\"article:modified_time\" content=\"2026-05-13T13:06:34+00:00\" \/>\n<meta property=\"og:image\" content=\"https:\/\/nearbygroup.it\/wp-content\/uploads\/2025\/10\/FEM-1-scaled.png\" \/>\n\t<meta property=\"og:image:width\" content=\"1362\" \/>\n\t<meta property=\"og:image:height\" content=\"2560\" \/>\n\t<meta property=\"og:image:type\" content=\"image\/png\" \/>\n<meta name=\"twitter:card\" content=\"summary_large_image\" \/>\n<meta name=\"twitter:label1\" content=\"Dur\u00e9e de lecture estim\u00e9e\" \/>\n\t<meta name=\"twitter:data1\" content=\"2 minutes\" \/>\n<script type=\"application\/ld+json\" class=\"yoast-schema-graph\">{\"@context\":\"https:\\\/\\\/schema.org\",\"@graph\":[{\"@type\":\"WebPage\",\"@id\":\"https:\\\/\\\/nearbygroup.it\\\/fr\\\/services\\\/simulation-analysis\\\/\",\"url\":\"https:\\\/\\\/nearbygroup.it\\\/fr\\\/services\\\/simulation-analysis\\\/\",\"name\":\"Analyse FEM et Simulation Mold-Flow | Nearby Group\",\"isPartOf\":{\"@id\":\"https:\\\/\\\/nearbygroup.it\\\/fr\\\/#website\"},\"primaryImageOfPage\":{\"@id\":\"https:\\\/\\\/nearbygroup.it\\\/fr\\\/services\\\/simulation-analysis\\\/#primaryimage\"},\"image\":{\"@id\":\"https:\\\/\\\/nearbygroup.it\\\/fr\\\/services\\\/simulation-analysis\\\/#primaryimage\"},\"thumbnailUrl\":\"https:\\\/\\\/nearbygroup.it\\\/wp-content\\\/uploads\\\/2025\\\/10\\\/FEM-1-scaled.png\",\"datePublished\":\"2025-09-29T08:37:43+00:00\",\"dateModified\":\"2026-05-13T13:06:34+00:00\",\"description\":\"Analyse structurale FEM avanc\u00e9e, simulation Mold-Flow et \u00e9valuation de la s\u00e9curit\u00e9 des mat\u00e9riaux pour produits sportifs. De la validation num\u00e9rique \u00e0 la conception pr\u00eate pour la production.\",\"breadcrumb\":{\"@id\":\"https:\\\/\\\/nearbygroup.it\\\/fr\\\/services\\\/simulation-analysis\\\/#breadcrumb\"},\"inLanguage\":\"fr-FR\",\"potentialAction\":[{\"@type\":\"ReadAction\",\"target\":[\"https:\\\/\\\/nearbygroup.it\\\/fr\\\/services\\\/simulation-analysis\\\/\"]}]},{\"@type\":\"ImageObject\",\"inLanguage\":\"fr-FR\",\"@id\":\"https:\\\/\\\/nearbygroup.it\\\/fr\\\/services\\\/simulation-analysis\\\/#primaryimage\",\"url\":\"https:\\\/\\\/nearbygroup.it\\\/wp-content\\\/uploads\\\/2025\\\/10\\\/FEM-1-scaled.png\",\"contentUrl\":\"https:\\\/\\\/nearbygroup.it\\\/wp-content\\\/uploads\\\/2025\\\/10\\\/FEM-1-scaled.png\",\"width\":1362,\"height\":2560},{\"@type\":\"BreadcrumbList\",\"@id\":\"https:\\\/\\\/nearbygroup.it\\\/fr\\\/services\\\/simulation-analysis\\\/#breadcrumb\",\"itemListElement\":[{\"@type\":\"ListItem\",\"position\":1,\"name\":\"Home\",\"item\":\"https:\\\/\\\/nearbygroup.it\\\/fr\\\/\"},{\"@type\":\"ListItem\",\"position\":2,\"name\":\"Services\",\"item\":\"https:\\\/\\\/nearbygroup.it\\\/fr\\\/services\\\/\"},{\"@type\":\"ListItem\",\"position\":3,\"name\":\"Simulation et Analyse\"}]},{\"@type\":\"WebSite\",\"@id\":\"https:\\\/\\\/nearbygroup.it\\\/fr\\\/#website\",\"url\":\"https:\\\/\\\/nearbygroup.it\\\/fr\\\/\",\"name\":\"NearBy Group\",\"description\":\"Products for Active and Mindful People\",\"publisher\":{\"@id\":\"https:\\\/\\\/nearbygroup.it\\\/fr\\\/#organization\"},\"potentialAction\":[{\"@type\":\"SearchAction\",\"target\":{\"@type\":\"EntryPoint\",\"urlTemplate\":\"https:\\\/\\\/nearbygroup.it\\\/fr\\\/?s={search_term_string}\"},\"query-input\":{\"@type\":\"PropertyValueSpecification\",\"valueRequired\":true,\"valueName\":\"search_term_string\"}}],\"inLanguage\":\"fr-FR\"},{\"@type\":\"Organization\",\"@id\":\"https:\\\/\\\/nearbygroup.it\\\/fr\\\/#organization\",\"name\":\"Nearby Group\",\"url\":\"https:\\\/\\\/nearbygroup.it\\\/fr\\\/\",\"logo\":{\"@type\":\"ImageObject\",\"inLanguage\":\"fr-FR\",\"@id\":\"https:\\\/\\\/nearbygroup.it\\\/fr\\\/#\\\/schema\\\/logo\\\/image\\\/\",\"url\":\"https:\\\/\\\/nearbygroup.it\\\/wp-content\\\/uploads\\\/2021\\\/09\\\/Logo-Nearby-Group.jpg\",\"contentUrl\":\"https:\\\/\\\/nearbygroup.it\\\/wp-content\\\/uploads\\\/2021\\\/09\\\/Logo-Nearby-Group.jpg\",\"width\":300,\"height\":300,\"caption\":\"Nearby Group\"},\"image\":{\"@id\":\"https:\\\/\\\/nearbygroup.it\\\/fr\\\/#\\\/schema\\\/logo\\\/image\\\/\"},\"sameAs\":[\"https:\\\/\\\/www.linkedin.com\\\/company\\\/nearby-group\"]}]}<\/script>\n<!-- \/ Yoast SEO plugin. -->","yoast_head_json":{"title":"Analyse FEM et Simulation Mold-Flow | Nearby Group","description":"Analyse structurale FEM avanc\u00e9e, simulation Mold-Flow et \u00e9valuation de la s\u00e9curit\u00e9 des mat\u00e9riaux pour produits sportifs. De la validation num\u00e9rique \u00e0 la conception pr\u00eate pour la production.","robots":{"index":"index","follow":"follow","max-snippet":"max-snippet:-1","max-image-preview":"max-image-preview:large","max-video-preview":"max-video-preview:-1"},"canonical":"https:\/\/nearbygroup.it\/fr\/services\/simulation-analysis\/","og_locale":"fr_FR","og_type":"article","og_title":"Analyse FEM et Simulation Mold-Flow | Nearby Group","og_description":"Analyse structurale FEM avanc\u00e9e, simulation Mold-Flow et \u00e9valuation de la s\u00e9curit\u00e9 des mat\u00e9riaux pour produits sportifs. De la validation num\u00e9rique \u00e0 la conception pr\u00eate pour la production.","og_url":"https:\/\/nearbygroup.it\/fr\/services\/simulation-analysis\/","og_site_name":"NearBy Group","article_modified_time":"2026-05-13T13:06:34+00:00","og_image":[{"width":1362,"height":2560,"url":"https:\/\/nearbygroup.it\/wp-content\/uploads\/2025\/10\/FEM-1-scaled.png","type":"image\/png"}],"twitter_card":"summary_large_image","twitter_misc":{"Dur\u00e9e de lecture estim\u00e9e":"2 minutes"},"schema":{"@context":"https:\/\/schema.org","@graph":[{"@type":"WebPage","@id":"https:\/\/nearbygroup.it\/fr\/services\/simulation-analysis\/","url":"https:\/\/nearbygroup.it\/fr\/services\/simulation-analysis\/","name":"Analyse FEM et Simulation Mold-Flow | Nearby Group","isPartOf":{"@id":"https:\/\/nearbygroup.it\/fr\/#website"},"primaryImageOfPage":{"@id":"https:\/\/nearbygroup.it\/fr\/services\/simulation-analysis\/#primaryimage"},"image":{"@id":"https:\/\/nearbygroup.it\/fr\/services\/simulation-analysis\/#primaryimage"},"thumbnailUrl":"https:\/\/nearbygroup.it\/wp-content\/uploads\/2025\/10\/FEM-1-scaled.png","datePublished":"2025-09-29T08:37:43+00:00","dateModified":"2026-05-13T13:06:34+00:00","description":"Analyse structurale FEM avanc\u00e9e, simulation Mold-Flow et \u00e9valuation de la s\u00e9curit\u00e9 des mat\u00e9riaux pour produits sportifs. De la validation num\u00e9rique \u00e0 la conception pr\u00eate pour la production.","breadcrumb":{"@id":"https:\/\/nearbygroup.it\/fr\/services\/simulation-analysis\/#breadcrumb"},"inLanguage":"fr-FR","potentialAction":[{"@type":"ReadAction","target":["https:\/\/nearbygroup.it\/fr\/services\/simulation-analysis\/"]}]},{"@type":"ImageObject","inLanguage":"fr-FR","@id":"https:\/\/nearbygroup.it\/fr\/services\/simulation-analysis\/#primaryimage","url":"https:\/\/nearbygroup.it\/wp-content\/uploads\/2025\/10\/FEM-1-scaled.png","contentUrl":"https:\/\/nearbygroup.it\/wp-content\/uploads\/2025\/10\/FEM-1-scaled.png","width":1362,"height":2560},{"@type":"BreadcrumbList","@id":"https:\/\/nearbygroup.it\/fr\/services\/simulation-analysis\/#breadcrumb","itemListElement":[{"@type":"ListItem","position":1,"name":"Home","item":"https:\/\/nearbygroup.it\/fr\/"},{"@type":"ListItem","position":2,"name":"Services","item":"https:\/\/nearbygroup.it\/fr\/services\/"},{"@type":"ListItem","position":3,"name":"Simulation et Analyse"}]},{"@type":"WebSite","@id":"https:\/\/nearbygroup.it\/fr\/#website","url":"https:\/\/nearbygroup.it\/fr\/","name":"NearBy Group","description":"Products for Active and Mindful People","publisher":{"@id":"https:\/\/nearbygroup.it\/fr\/#organization"},"potentialAction":[{"@type":"SearchAction","target":{"@type":"EntryPoint","urlTemplate":"https:\/\/nearbygroup.it\/fr\/?s={search_term_string}"},"query-input":{"@type":"PropertyValueSpecification","valueRequired":true,"valueName":"search_term_string"}}],"inLanguage":"fr-FR"},{"@type":"Organization","@id":"https:\/\/nearbygroup.it\/fr\/#organization","name":"Nearby Group","url":"https:\/\/nearbygroup.it\/fr\/","logo":{"@type":"ImageObject","inLanguage":"fr-FR","@id":"https:\/\/nearbygroup.it\/fr\/#\/schema\/logo\/image\/","url":"https:\/\/nearbygroup.it\/wp-content\/uploads\/2021\/09\/Logo-Nearby-Group.jpg","contentUrl":"https:\/\/nearbygroup.it\/wp-content\/uploads\/2021\/09\/Logo-Nearby-Group.jpg","width":300,"height":300,"caption":"Nearby Group"},"image":{"@id":"https:\/\/nearbygroup.it\/fr\/#\/schema\/logo\/image\/"},"sameAs":["https:\/\/www.linkedin.com\/company\/nearby-group"]}]}},"_links":{"self":[{"href":"https:\/\/nearbygroup.it\/fr\/wp-json\/wp\/v2\/pages\/2564","targetHints":{"allow":["GET"]}}],"collection":[{"href":"https:\/\/nearbygroup.it\/fr\/wp-json\/wp\/v2\/pages"}],"about":[{"href":"https:\/\/nearbygroup.it\/fr\/wp-json\/wp\/v2\/types\/page"}],"author":[{"embeddable":true,"href":"https:\/\/nearbygroup.it\/fr\/wp-json\/wp\/v2\/users\/1"}],"replies":[{"embeddable":true,"href":"https:\/\/nearbygroup.it\/fr\/wp-json\/wp\/v2\/comments?post=2564"}],"version-history":[{"count":4,"href":"https:\/\/nearbygroup.it\/fr\/wp-json\/wp\/v2\/pages\/2564\/revisions"}],"predecessor-version":[{"id":3883,"href":"https:\/\/nearbygroup.it\/fr\/wp-json\/wp\/v2\/pages\/2564\/revisions\/3883"}],"up":[{"embeddable":true,"href":"https:\/\/nearbygroup.it\/fr\/wp-json\/wp\/v2\/pages\/2532"}],"wp:featuredmedia":[{"embeddable":true,"href":"https:\/\/nearbygroup.it\/fr\/wp-json\/wp\/v2\/media\/2565"}],"wp:attachment":[{"href":"https:\/\/nearbygroup.it\/fr\/wp-json\/wp\/v2\/media?parent=2564"}],"curies":[{"name":"wp","href":"https:\/\/api.w.org\/{rel}","templated":true}]}}