{"id":2556,"date":"2025-09-29T10:22:14","date_gmt":"2025-09-29T08:22:14","guid":{"rendered":"https:\/\/nearbygroup.it\/services\/3d-modelling-and-simulation\/"},"modified":"2026-05-13T15:06:02","modified_gmt":"2026-05-13T13:06:02","slug":"3d-modelling-and-simulation","status":"publish","type":"page","link":"https:\/\/nearbygroup.it\/fr\/services\/3d-modelling-and-simulation\/","title":{"rendered":"Mod\u00e9lisation 3D et Simulation"},"content":{"rendered":"<p class=\"p1\">La mod\u00e9lisation 3D et la simulation constituent une \u00e9tape essentielle du d\u00e9veloppement num\u00e9rique de produits pour articles sportifs et composants techniques haute performance. Au cours de cette phase, des g\u00e9om\u00e9tries 3D pr\u00e9cises sont d\u00e9velopp\u00e9es afin d&rsquo;int\u00e9grer les exigences fonctionnelles, le comportement des mat\u00e9riaux et les contraintes de fabrication propres aux applications orient\u00e9es performance.<\/p>\n","protected":false},"excerpt":{"rendered":"<p>La mod\u00e9lisation 3D et la simulation constituent une \u00e9tape essentielle du d\u00e9veloppement num\u00e9rique de produits pour articles sportifs et composants techniques haute performance. Au cours de cette phase, des g\u00e9om\u00e9tries 3D pr\u00e9cises sont d\u00e9velopp\u00e9es afin d&rsquo;int\u00e9grer les exigences fonctionnelles, le comportement des mat\u00e9riaux et les contraintes de fabrication propres aux applications orient\u00e9es performance. [&#8230;]<\/p>\n<p><a class=\"btn btn-secondary understrap-read-more-link\" href=\"https:\/\/nearbygroup.it\/fr\/services\/3d-modelling-and-simulation\/\">Lire la suite&#8230;<\/a><\/p>\n","protected":false},"author":1,"featured_media":2557,"parent":2532,"menu_order":62,"comment_status":"closed","ping_status":"closed","template":"page-templates\/single-service-page.php","meta":{"_acf_changed":false,"inline_featured_image":false,"footnotes":""},"class_list":["post-2556","page","type-page","status-publish","has-post-thumbnail","hentry"],"acf":[],"yoast_head":"<!-- This site is optimized with the Yoast SEO plugin v27.5 - https:\/\/yoast.com\/product\/yoast-seo-wordpress\/ -->\n<title>Mod\u00e9lisation 3D et Ing\u00e9nierie Num\u00e9rique de Produit | Nearby Group<\/title>\n<meta name=\"description\" content=\"Services avanc\u00e9s de mod\u00e9lisation CAO 3D, ing\u00e9nierie num\u00e9rique de produit et prototypage rapide pour articles sportifs et composants techniques. De la g\u00e9om\u00e9trie con\u00e7ue aux mod\u00e8les pr\u00eats pour la production.\" \/>\n<meta name=\"robots\" content=\"index, follow, max-snippet:-1, max-image-preview:large, max-video-preview:-1\" \/>\n<link rel=\"canonical\" href=\"https:\/\/nearbygroup.it\/fr\/services\/3d-modelling-and-simulation\/\" \/>\n<meta property=\"og:locale\" content=\"fr_FR\" \/>\n<meta property=\"og:type\" content=\"article\" \/>\n<meta property=\"og:title\" content=\"Mod\u00e9lisation 3D et Ing\u00e9nierie Num\u00e9rique de Produit | Nearby Group\" \/>\n<meta property=\"og:description\" content=\"Services avanc\u00e9s de mod\u00e9lisation CAO 3D, ing\u00e9nierie num\u00e9rique de produit et prototypage rapide pour articles sportifs et composants techniques. De la g\u00e9om\u00e9trie con\u00e7ue aux mod\u00e8les pr\u00eats pour la production.\" \/>\n<meta property=\"og:url\" content=\"https:\/\/nearbygroup.it\/fr\/services\/3d-modelling-and-simulation\/\" \/>\n<meta property=\"og:site_name\" content=\"NearBy Group\" \/>\n<meta property=\"article:modified_time\" content=\"2026-05-13T13:06:02+00:00\" \/>\n<meta property=\"og:image\" content=\"https:\/\/nearbygroup.it\/wp-content\/uploads\/2025\/10\/015A2360-scaled.jpg\" \/>\n\t<meta property=\"og:image:width\" content=\"1707\" \/>\n\t<meta property=\"og:image:height\" content=\"2560\" \/>\n\t<meta property=\"og:image:type\" content=\"image\/jpeg\" \/>\n<meta name=\"twitter:card\" content=\"summary_large_image\" \/>\n<meta name=\"twitter:label1\" content=\"Dur\u00e9e de lecture estim\u00e9e\" \/>\n\t<meta name=\"twitter:data1\" content=\"2 minutes\" \/>\n<script type=\"application\/ld+json\" class=\"yoast-schema-graph\">{\"@context\":\"https:\\\/\\\/schema.org\",\"@graph\":[{\"@type\":\"WebPage\",\"@id\":\"https:\\\/\\\/nearbygroup.it\\\/fr\\\/services\\\/3d-modelling-and-simulation\\\/\",\"url\":\"https:\\\/\\\/nearbygroup.it\\\/fr\\\/services\\\/3d-modelling-and-simulation\\\/\",\"name\":\"Mod\u00e9lisation 3D et Ing\u00e9nierie Num\u00e9rique de Produit | Nearby Group\",\"isPartOf\":{\"@id\":\"https:\\\/\\\/nearbygroup.it\\\/fr\\\/#website\"},\"primaryImageOfPage\":{\"@id\":\"https:\\\/\\\/nearbygroup.it\\\/fr\\\/services\\\/3d-modelling-and-simulation\\\/#primaryimage\"},\"image\":{\"@id\":\"https:\\\/\\\/nearbygroup.it\\\/fr\\\/services\\\/3d-modelling-and-simulation\\\/#primaryimage\"},\"thumbnailUrl\":\"https:\\\/\\\/nearbygroup.it\\\/wp-content\\\/uploads\\\/2025\\\/10\\\/015A2360-scaled.jpg\",\"datePublished\":\"2025-09-29T08:22:14+00:00\",\"dateModified\":\"2026-05-13T13:06:02+00:00\",\"description\":\"Services avanc\u00e9s de mod\u00e9lisation CAO 3D, ing\u00e9nierie num\u00e9rique de produit et prototypage rapide pour articles sportifs et composants techniques. De la g\u00e9om\u00e9trie con\u00e7ue aux mod\u00e8les pr\u00eats pour la production.\",\"breadcrumb\":{\"@id\":\"https:\\\/\\\/nearbygroup.it\\\/fr\\\/services\\\/3d-modelling-and-simulation\\\/#breadcrumb\"},\"inLanguage\":\"fr-FR\",\"potentialAction\":[{\"@type\":\"ReadAction\",\"target\":[\"https:\\\/\\\/nearbygroup.it\\\/fr\\\/services\\\/3d-modelling-and-simulation\\\/\"]}]},{\"@type\":\"ImageObject\",\"inLanguage\":\"fr-FR\",\"@id\":\"https:\\\/\\\/nearbygroup.it\\\/fr\\\/services\\\/3d-modelling-and-simulation\\\/#primaryimage\",\"url\":\"https:\\\/\\\/nearbygroup.it\\\/wp-content\\\/uploads\\\/2025\\\/10\\\/015A2360-scaled.jpg\",\"contentUrl\":\"https:\\\/\\\/nearbygroup.it\\\/wp-content\\\/uploads\\\/2025\\\/10\\\/015A2360-scaled.jpg\",\"width\":1707,\"height\":2560},{\"@type\":\"BreadcrumbList\",\"@id\":\"https:\\\/\\\/nearbygroup.it\\\/fr\\\/services\\\/3d-modelling-and-simulation\\\/#breadcrumb\",\"itemListElement\":[{\"@type\":\"ListItem\",\"position\":1,\"name\":\"Home\",\"item\":\"https:\\\/\\\/nearbygroup.it\\\/fr\\\/\"},{\"@type\":\"ListItem\",\"position\":2,\"name\":\"Services\",\"item\":\"https:\\\/\\\/nearbygroup.it\\\/fr\\\/services\\\/\"},{\"@type\":\"ListItem\",\"position\":3,\"name\":\"Mod\u00e9lisation 3D et Simulation\"}]},{\"@type\":\"WebSite\",\"@id\":\"https:\\\/\\\/nearbygroup.it\\\/fr\\\/#website\",\"url\":\"https:\\\/\\\/nearbygroup.it\\\/fr\\\/\",\"name\":\"NearBy Group\",\"description\":\"Products for Active and Mindful People\",\"publisher\":{\"@id\":\"https:\\\/\\\/nearbygroup.it\\\/fr\\\/#organization\"},\"potentialAction\":[{\"@type\":\"SearchAction\",\"target\":{\"@type\":\"EntryPoint\",\"urlTemplate\":\"https:\\\/\\\/nearbygroup.it\\\/fr\\\/?s={search_term_string}\"},\"query-input\":{\"@type\":\"PropertyValueSpecification\",\"valueRequired\":true,\"valueName\":\"search_term_string\"}}],\"inLanguage\":\"fr-FR\"},{\"@type\":\"Organization\",\"@id\":\"https:\\\/\\\/nearbygroup.it\\\/fr\\\/#organization\",\"name\":\"Nearby Group\",\"url\":\"https:\\\/\\\/nearbygroup.it\\\/fr\\\/\",\"logo\":{\"@type\":\"ImageObject\",\"inLanguage\":\"fr-FR\",\"@id\":\"https:\\\/\\\/nearbygroup.it\\\/fr\\\/#\\\/schema\\\/logo\\\/image\\\/\",\"url\":\"https:\\\/\\\/nearbygroup.it\\\/wp-content\\\/uploads\\\/2021\\\/09\\\/Logo-Nearby-Group.jpg\",\"contentUrl\":\"https:\\\/\\\/nearbygroup.it\\\/wp-content\\\/uploads\\\/2021\\\/09\\\/Logo-Nearby-Group.jpg\",\"width\":300,\"height\":300,\"caption\":\"Nearby Group\"},\"image\":{\"@id\":\"https:\\\/\\\/nearbygroup.it\\\/fr\\\/#\\\/schema\\\/logo\\\/image\\\/\"},\"sameAs\":[\"https:\\\/\\\/www.linkedin.com\\\/company\\\/nearby-group\"]}]}<\/script>\n<!-- \/ Yoast SEO plugin. -->","yoast_head_json":{"title":"Mod\u00e9lisation 3D et Ing\u00e9nierie Num\u00e9rique de Produit | Nearby Group","description":"Services avanc\u00e9s de mod\u00e9lisation CAO 3D, ing\u00e9nierie num\u00e9rique de produit et prototypage rapide pour articles sportifs et composants techniques. De la g\u00e9om\u00e9trie con\u00e7ue aux mod\u00e8les pr\u00eats pour la production.","robots":{"index":"index","follow":"follow","max-snippet":"max-snippet:-1","max-image-preview":"max-image-preview:large","max-video-preview":"max-video-preview:-1"},"canonical":"https:\/\/nearbygroup.it\/fr\/services\/3d-modelling-and-simulation\/","og_locale":"fr_FR","og_type":"article","og_title":"Mod\u00e9lisation 3D et Ing\u00e9nierie Num\u00e9rique de Produit | Nearby Group","og_description":"Services avanc\u00e9s de mod\u00e9lisation CAO 3D, ing\u00e9nierie num\u00e9rique de produit et prototypage rapide pour articles sportifs et composants techniques. De la g\u00e9om\u00e9trie con\u00e7ue aux mod\u00e8les pr\u00eats pour la production.","og_url":"https:\/\/nearbygroup.it\/fr\/services\/3d-modelling-and-simulation\/","og_site_name":"NearBy Group","article_modified_time":"2026-05-13T13:06:02+00:00","og_image":[{"width":1707,"height":2560,"url":"https:\/\/nearbygroup.it\/wp-content\/uploads\/2025\/10\/015A2360-scaled.jpg","type":"image\/jpeg"}],"twitter_card":"summary_large_image","twitter_misc":{"Dur\u00e9e de lecture estim\u00e9e":"2 minutes"},"schema":{"@context":"https:\/\/schema.org","@graph":[{"@type":"WebPage","@id":"https:\/\/nearbygroup.it\/fr\/services\/3d-modelling-and-simulation\/","url":"https:\/\/nearbygroup.it\/fr\/services\/3d-modelling-and-simulation\/","name":"Mod\u00e9lisation 3D et Ing\u00e9nierie Num\u00e9rique de Produit | Nearby Group","isPartOf":{"@id":"https:\/\/nearbygroup.it\/fr\/#website"},"primaryImageOfPage":{"@id":"https:\/\/nearbygroup.it\/fr\/services\/3d-modelling-and-simulation\/#primaryimage"},"image":{"@id":"https:\/\/nearbygroup.it\/fr\/services\/3d-modelling-and-simulation\/#primaryimage"},"thumbnailUrl":"https:\/\/nearbygroup.it\/wp-content\/uploads\/2025\/10\/015A2360-scaled.jpg","datePublished":"2025-09-29T08:22:14+00:00","dateModified":"2026-05-13T13:06:02+00:00","description":"Services avanc\u00e9s de mod\u00e9lisation CAO 3D, ing\u00e9nierie num\u00e9rique de produit et prototypage rapide pour articles sportifs et composants techniques. De la g\u00e9om\u00e9trie con\u00e7ue aux mod\u00e8les pr\u00eats pour la production.","breadcrumb":{"@id":"https:\/\/nearbygroup.it\/fr\/services\/3d-modelling-and-simulation\/#breadcrumb"},"inLanguage":"fr-FR","potentialAction":[{"@type":"ReadAction","target":["https:\/\/nearbygroup.it\/fr\/services\/3d-modelling-and-simulation\/"]}]},{"@type":"ImageObject","inLanguage":"fr-FR","@id":"https:\/\/nearbygroup.it\/fr\/services\/3d-modelling-and-simulation\/#primaryimage","url":"https:\/\/nearbygroup.it\/wp-content\/uploads\/2025\/10\/015A2360-scaled.jpg","contentUrl":"https:\/\/nearbygroup.it\/wp-content\/uploads\/2025\/10\/015A2360-scaled.jpg","width":1707,"height":2560},{"@type":"BreadcrumbList","@id":"https:\/\/nearbygroup.it\/fr\/services\/3d-modelling-and-simulation\/#breadcrumb","itemListElement":[{"@type":"ListItem","position":1,"name":"Home","item":"https:\/\/nearbygroup.it\/fr\/"},{"@type":"ListItem","position":2,"name":"Services","item":"https:\/\/nearbygroup.it\/fr\/services\/"},{"@type":"ListItem","position":3,"name":"Mod\u00e9lisation 3D et Simulation"}]},{"@type":"WebSite","@id":"https:\/\/nearbygroup.it\/fr\/#website","url":"https:\/\/nearbygroup.it\/fr\/","name":"NearBy Group","description":"Products for Active and Mindful People","publisher":{"@id":"https:\/\/nearbygroup.it\/fr\/#organization"},"potentialAction":[{"@type":"SearchAction","target":{"@type":"EntryPoint","urlTemplate":"https:\/\/nearbygroup.it\/fr\/?s={search_term_string}"},"query-input":{"@type":"PropertyValueSpecification","valueRequired":true,"valueName":"search_term_string"}}],"inLanguage":"fr-FR"},{"@type":"Organization","@id":"https:\/\/nearbygroup.it\/fr\/#organization","name":"Nearby Group","url":"https:\/\/nearbygroup.it\/fr\/","logo":{"@type":"ImageObject","inLanguage":"fr-FR","@id":"https:\/\/nearbygroup.it\/fr\/#\/schema\/logo\/image\/","url":"https:\/\/nearbygroup.it\/wp-content\/uploads\/2021\/09\/Logo-Nearby-Group.jpg","contentUrl":"https:\/\/nearbygroup.it\/wp-content\/uploads\/2021\/09\/Logo-Nearby-Group.jpg","width":300,"height":300,"caption":"Nearby Group"},"image":{"@id":"https:\/\/nearbygroup.it\/fr\/#\/schema\/logo\/image\/"},"sameAs":["https:\/\/www.linkedin.com\/company\/nearby-group"]}]}},"_links":{"self":[{"href":"https:\/\/nearbygroup.it\/fr\/wp-json\/wp\/v2\/pages\/2556","targetHints":{"allow":["GET"]}}],"collection":[{"href":"https:\/\/nearbygroup.it\/fr\/wp-json\/wp\/v2\/pages"}],"about":[{"href":"https:\/\/nearbygroup.it\/fr\/wp-json\/wp\/v2\/types\/page"}],"author":[{"embeddable":true,"href":"https:\/\/nearbygroup.it\/fr\/wp-json\/wp\/v2\/users\/1"}],"replies":[{"embeddable":true,"href":"https:\/\/nearbygroup.it\/fr\/wp-json\/wp\/v2\/comments?post=2556"}],"version-history":[{"count":4,"href":"https:\/\/nearbygroup.it\/fr\/wp-json\/wp\/v2\/pages\/2556\/revisions"}],"predecessor-version":[{"id":3882,"href":"https:\/\/nearbygroup.it\/fr\/wp-json\/wp\/v2\/pages\/2556\/revisions\/3882"}],"up":[{"embeddable":true,"href":"https:\/\/nearbygroup.it\/fr\/wp-json\/wp\/v2\/pages\/2532"}],"wp:featuredmedia":[{"embeddable":true,"href":"https:\/\/nearbygroup.it\/fr\/wp-json\/wp\/v2\/media\/2557"}],"wp:attachment":[{"href":"https:\/\/nearbygroup.it\/fr\/wp-json\/wp\/v2\/media?parent=2556"}],"curies":[{"name":"wp","href":"https:\/\/api.w.org\/{rel}","templated":true}]}}