{"id":2548,"date":"2025-09-29T10:21:09","date_gmt":"2025-09-29T08:21:09","guid":{"rendered":"https:\/\/nearbygroup.it\/services\/co-design\/"},"modified":"2026-05-13T15:05:14","modified_gmt":"2026-05-13T13:05:14","slug":"co-design","status":"publish","type":"page","link":"https:\/\/nearbygroup.it\/fr\/services\/co-design\/","title":{"rendered":"Co-Design"},"content":{"rendered":"<p class=\"p1\">Le co-design est une phase collaborative du d\u00e9veloppement produit au cours de laquelle les concepts sont affin\u00e9s et les objectifs de conception align\u00e9s sur les exigences techniques et industrielles.<\/p>\n","protected":false},"excerpt":{"rendered":"<p>Le co-design est une phase collaborative du d\u00e9veloppement produit au cours de laquelle les concepts sont affin\u00e9s et les objectifs de conception align\u00e9s sur les exigences techniques et industrielles. [&#8230;]<\/p>\n<p><a class=\"btn btn-secondary understrap-read-more-link\" href=\"https:\/\/nearbygroup.it\/fr\/services\/co-design\/\">Lire la suite&#8230;<\/a><\/p>\n","protected":false},"author":1,"featured_media":2549,"parent":2532,"menu_order":56,"comment_status":"closed","ping_status":"closed","template":"page-templates\/single-service-page.php","meta":{"_acf_changed":false,"inline_featured_image":false,"footnotes":""},"class_list":["post-2548","page","type-page","status-publish","has-post-thumbnail","hentry"],"acf":[],"yoast_head":"<!-- This site is optimized with the Yoast SEO plugin v27.5 - https:\/\/yoast.com\/product\/yoast-seo-wordpress\/ -->\n<title>Services de Co-Design et D\u00e9veloppement Produit | Nearby Group<\/title>\n<meta name=\"description\" content=\"Services de co-design et d\u00e9veloppement produit pour articles sportifs et composants techniques, incluant l&#039;analyse de faisabilit\u00e9, le reverse engineering et la planification structur\u00e9e de projet.\" \/>\n<meta name=\"robots\" content=\"index, follow, max-snippet:-1, max-image-preview:large, max-video-preview:-1\" \/>\n<link rel=\"canonical\" href=\"https:\/\/nearbygroup.it\/fr\/services\/co-design\/\" \/>\n<meta property=\"og:locale\" content=\"fr_FR\" \/>\n<meta property=\"og:type\" content=\"article\" \/>\n<meta property=\"og:title\" content=\"Services de Co-Design et D\u00e9veloppement Produit | Nearby Group\" \/>\n<meta property=\"og:description\" content=\"Services de co-design et d\u00e9veloppement produit pour articles sportifs et composants techniques, incluant l&#039;analyse de faisabilit\u00e9, le reverse engineering et la planification structur\u00e9e de projet.\" \/>\n<meta property=\"og:url\" content=\"https:\/\/nearbygroup.it\/fr\/services\/co-design\/\" \/>\n<meta property=\"og:site_name\" content=\"NearBy Group\" \/>\n<meta property=\"article:modified_time\" content=\"2026-05-13T13:05:14+00:00\" \/>\n<meta property=\"og:image\" content=\"https:\/\/nearbygroup.it\/wp-content\/uploads\/2025\/10\/Bike-Frame004.jpg\" \/>\n\t<meta property=\"og:image:width\" content=\"1736\" \/>\n\t<meta property=\"og:image:height\" content=\"1218\" \/>\n\t<meta property=\"og:image:type\" content=\"image\/jpeg\" \/>\n<meta name=\"twitter:card\" content=\"summary_large_image\" \/>\n<meta name=\"twitter:label1\" content=\"Dur\u00e9e de lecture estim\u00e9e\" \/>\n\t<meta name=\"twitter:data1\" content=\"1 minute\" \/>\n<script type=\"application\/ld+json\" class=\"yoast-schema-graph\">{\"@context\":\"https:\\\/\\\/schema.org\",\"@graph\":[{\"@type\":\"WebPage\",\"@id\":\"https:\\\/\\\/nearbygroup.it\\\/fr\\\/services\\\/co-design\\\/\",\"url\":\"https:\\\/\\\/nearbygroup.it\\\/fr\\\/services\\\/co-design\\\/\",\"name\":\"Services de Co-Design et D\u00e9veloppement Produit | Nearby Group\",\"isPartOf\":{\"@id\":\"https:\\\/\\\/nearbygroup.it\\\/fr\\\/#website\"},\"primaryImageOfPage\":{\"@id\":\"https:\\\/\\\/nearbygroup.it\\\/fr\\\/services\\\/co-design\\\/#primaryimage\"},\"image\":{\"@id\":\"https:\\\/\\\/nearbygroup.it\\\/fr\\\/services\\\/co-design\\\/#primaryimage\"},\"thumbnailUrl\":\"https:\\\/\\\/nearbygroup.it\\\/wp-content\\\/uploads\\\/2025\\\/10\\\/Bike-Frame004.jpg\",\"datePublished\":\"2025-09-29T08:21:09+00:00\",\"dateModified\":\"2026-05-13T13:05:14+00:00\",\"description\":\"Services de co-design et d\u00e9veloppement produit pour articles sportifs et composants techniques, incluant l'analyse de faisabilit\u00e9, le reverse engineering et la planification structur\u00e9e de projet.\",\"breadcrumb\":{\"@id\":\"https:\\\/\\\/nearbygroup.it\\\/fr\\\/services\\\/co-design\\\/#breadcrumb\"},\"inLanguage\":\"fr-FR\",\"potentialAction\":[{\"@type\":\"ReadAction\",\"target\":[\"https:\\\/\\\/nearbygroup.it\\\/fr\\\/services\\\/co-design\\\/\"]}]},{\"@type\":\"ImageObject\",\"inLanguage\":\"fr-FR\",\"@id\":\"https:\\\/\\\/nearbygroup.it\\\/fr\\\/services\\\/co-design\\\/#primaryimage\",\"url\":\"https:\\\/\\\/nearbygroup.it\\\/wp-content\\\/uploads\\\/2025\\\/10\\\/Bike-Frame004.jpg\",\"contentUrl\":\"https:\\\/\\\/nearbygroup.it\\\/wp-content\\\/uploads\\\/2025\\\/10\\\/Bike-Frame004.jpg\",\"width\":1736,\"height\":1218},{\"@type\":\"BreadcrumbList\",\"@id\":\"https:\\\/\\\/nearbygroup.it\\\/fr\\\/services\\\/co-design\\\/#breadcrumb\",\"itemListElement\":[{\"@type\":\"ListItem\",\"position\":1,\"name\":\"Home\",\"item\":\"https:\\\/\\\/nearbygroup.it\\\/fr\\\/\"},{\"@type\":\"ListItem\",\"position\":2,\"name\":\"Services\",\"item\":\"https:\\\/\\\/nearbygroup.it\\\/fr\\\/services\\\/\"},{\"@type\":\"ListItem\",\"position\":3,\"name\":\"Co-Design\"}]},{\"@type\":\"WebSite\",\"@id\":\"https:\\\/\\\/nearbygroup.it\\\/fr\\\/#website\",\"url\":\"https:\\\/\\\/nearbygroup.it\\\/fr\\\/\",\"name\":\"NearBy Group\",\"description\":\"Products for Active and Mindful People\",\"publisher\":{\"@id\":\"https:\\\/\\\/nearbygroup.it\\\/fr\\\/#organization\"},\"potentialAction\":[{\"@type\":\"SearchAction\",\"target\":{\"@type\":\"EntryPoint\",\"urlTemplate\":\"https:\\\/\\\/nearbygroup.it\\\/fr\\\/?s={search_term_string}\"},\"query-input\":{\"@type\":\"PropertyValueSpecification\",\"valueRequired\":true,\"valueName\":\"search_term_string\"}}],\"inLanguage\":\"fr-FR\"},{\"@type\":\"Organization\",\"@id\":\"https:\\\/\\\/nearbygroup.it\\\/fr\\\/#organization\",\"name\":\"Nearby Group\",\"url\":\"https:\\\/\\\/nearbygroup.it\\\/fr\\\/\",\"logo\":{\"@type\":\"ImageObject\",\"inLanguage\":\"fr-FR\",\"@id\":\"https:\\\/\\\/nearbygroup.it\\\/fr\\\/#\\\/schema\\\/logo\\\/image\\\/\",\"url\":\"https:\\\/\\\/nearbygroup.it\\\/wp-content\\\/uploads\\\/2021\\\/09\\\/Logo-Nearby-Group.jpg\",\"contentUrl\":\"https:\\\/\\\/nearbygroup.it\\\/wp-content\\\/uploads\\\/2021\\\/09\\\/Logo-Nearby-Group.jpg\",\"width\":300,\"height\":300,\"caption\":\"Nearby Group\"},\"image\":{\"@id\":\"https:\\\/\\\/nearbygroup.it\\\/fr\\\/#\\\/schema\\\/logo\\\/image\\\/\"},\"sameAs\":[\"https:\\\/\\\/www.linkedin.com\\\/company\\\/nearby-group\"]}]}<\/script>\n<!-- \/ Yoast SEO plugin. -->","yoast_head_json":{"title":"Services de Co-Design et D\u00e9veloppement Produit | Nearby Group","description":"Services de co-design et d\u00e9veloppement produit pour articles sportifs et composants techniques, incluant l'analyse de faisabilit\u00e9, le reverse engineering et la planification structur\u00e9e de projet.","robots":{"index":"index","follow":"follow","max-snippet":"max-snippet:-1","max-image-preview":"max-image-preview:large","max-video-preview":"max-video-preview:-1"},"canonical":"https:\/\/nearbygroup.it\/fr\/services\/co-design\/","og_locale":"fr_FR","og_type":"article","og_title":"Services de Co-Design et D\u00e9veloppement Produit | Nearby Group","og_description":"Services de co-design et d\u00e9veloppement produit pour articles sportifs et composants techniques, incluant l'analyse de faisabilit\u00e9, le reverse engineering et la planification structur\u00e9e de projet.","og_url":"https:\/\/nearbygroup.it\/fr\/services\/co-design\/","og_site_name":"NearBy Group","article_modified_time":"2026-05-13T13:05:14+00:00","og_image":[{"width":1736,"height":1218,"url":"https:\/\/nearbygroup.it\/wp-content\/uploads\/2025\/10\/Bike-Frame004.jpg","type":"image\/jpeg"}],"twitter_card":"summary_large_image","twitter_misc":{"Dur\u00e9e de lecture estim\u00e9e":"1 minute"},"schema":{"@context":"https:\/\/schema.org","@graph":[{"@type":"WebPage","@id":"https:\/\/nearbygroup.it\/fr\/services\/co-design\/","url":"https:\/\/nearbygroup.it\/fr\/services\/co-design\/","name":"Services de Co-Design et D\u00e9veloppement Produit | Nearby Group","isPartOf":{"@id":"https:\/\/nearbygroup.it\/fr\/#website"},"primaryImageOfPage":{"@id":"https:\/\/nearbygroup.it\/fr\/services\/co-design\/#primaryimage"},"image":{"@id":"https:\/\/nearbygroup.it\/fr\/services\/co-design\/#primaryimage"},"thumbnailUrl":"https:\/\/nearbygroup.it\/wp-content\/uploads\/2025\/10\/Bike-Frame004.jpg","datePublished":"2025-09-29T08:21:09+00:00","dateModified":"2026-05-13T13:05:14+00:00","description":"Services de co-design et d\u00e9veloppement produit pour articles sportifs et composants techniques, incluant l'analyse de faisabilit\u00e9, le reverse engineering et la planification structur\u00e9e de projet.","breadcrumb":{"@id":"https:\/\/nearbygroup.it\/fr\/services\/co-design\/#breadcrumb"},"inLanguage":"fr-FR","potentialAction":[{"@type":"ReadAction","target":["https:\/\/nearbygroup.it\/fr\/services\/co-design\/"]}]},{"@type":"ImageObject","inLanguage":"fr-FR","@id":"https:\/\/nearbygroup.it\/fr\/services\/co-design\/#primaryimage","url":"https:\/\/nearbygroup.it\/wp-content\/uploads\/2025\/10\/Bike-Frame004.jpg","contentUrl":"https:\/\/nearbygroup.it\/wp-content\/uploads\/2025\/10\/Bike-Frame004.jpg","width":1736,"height":1218},{"@type":"BreadcrumbList","@id":"https:\/\/nearbygroup.it\/fr\/services\/co-design\/#breadcrumb","itemListElement":[{"@type":"ListItem","position":1,"name":"Home","item":"https:\/\/nearbygroup.it\/fr\/"},{"@type":"ListItem","position":2,"name":"Services","item":"https:\/\/nearbygroup.it\/fr\/services\/"},{"@type":"ListItem","position":3,"name":"Co-Design"}]},{"@type":"WebSite","@id":"https:\/\/nearbygroup.it\/fr\/#website","url":"https:\/\/nearbygroup.it\/fr\/","name":"NearBy Group","description":"Products for Active and Mindful People","publisher":{"@id":"https:\/\/nearbygroup.it\/fr\/#organization"},"potentialAction":[{"@type":"SearchAction","target":{"@type":"EntryPoint","urlTemplate":"https:\/\/nearbygroup.it\/fr\/?s={search_term_string}"},"query-input":{"@type":"PropertyValueSpecification","valueRequired":true,"valueName":"search_term_string"}}],"inLanguage":"fr-FR"},{"@type":"Organization","@id":"https:\/\/nearbygroup.it\/fr\/#organization","name":"Nearby Group","url":"https:\/\/nearbygroup.it\/fr\/","logo":{"@type":"ImageObject","inLanguage":"fr-FR","@id":"https:\/\/nearbygroup.it\/fr\/#\/schema\/logo\/image\/","url":"https:\/\/nearbygroup.it\/wp-content\/uploads\/2021\/09\/Logo-Nearby-Group.jpg","contentUrl":"https:\/\/nearbygroup.it\/wp-content\/uploads\/2021\/09\/Logo-Nearby-Group.jpg","width":300,"height":300,"caption":"Nearby Group"},"image":{"@id":"https:\/\/nearbygroup.it\/fr\/#\/schema\/logo\/image\/"},"sameAs":["https:\/\/www.linkedin.com\/company\/nearby-group"]}]}},"_links":{"self":[{"href":"https:\/\/nearbygroup.it\/fr\/wp-json\/wp\/v2\/pages\/2548","targetHints":{"allow":["GET"]}}],"collection":[{"href":"https:\/\/nearbygroup.it\/fr\/wp-json\/wp\/v2\/pages"}],"about":[{"href":"https:\/\/nearbygroup.it\/fr\/wp-json\/wp\/v2\/types\/page"}],"author":[{"embeddable":true,"href":"https:\/\/nearbygroup.it\/fr\/wp-json\/wp\/v2\/users\/1"}],"replies":[{"embeddable":true,"href":"https:\/\/nearbygroup.it\/fr\/wp-json\/wp\/v2\/comments?post=2548"}],"version-history":[{"count":3,"href":"https:\/\/nearbygroup.it\/fr\/wp-json\/wp\/v2\/pages\/2548\/revisions"}],"predecessor-version":[{"id":3880,"href":"https:\/\/nearbygroup.it\/fr\/wp-json\/wp\/v2\/pages\/2548\/revisions\/3880"}],"up":[{"embeddable":true,"href":"https:\/\/nearbygroup.it\/fr\/wp-json\/wp\/v2\/pages\/2532"}],"wp:featuredmedia":[{"embeddable":true,"href":"https:\/\/nearbygroup.it\/fr\/wp-json\/wp\/v2\/media\/2549"}],"wp:attachment":[{"href":"https:\/\/nearbygroup.it\/fr\/wp-json\/wp\/v2\/media?parent=2548"}],"curies":[{"name":"wp","href":"https:\/\/api.w.org\/{rel}","templated":true}]}}