{"id":2540,"date":"2025-09-23T09:40:54","date_gmt":"2025-09-23T07:40:54","guid":{"rendered":"https:\/\/nearbygroup.it\/services\/idea\/"},"modified":"2026-05-13T15:04:50","modified_gmt":"2026-05-13T13:04:50","slug":"idea","status":"publish","type":"page","link":"https:\/\/nearbygroup.it\/fr\/services\/idea\/","title":{"rendered":"D\u00e9veloppement du concept produit"},"content":{"rendered":"<p class=\"p1\">Notre objectif est d&rsquo;aider nos clients \u00e0 transformer leurs id\u00e9es initiales en concepts produits structur\u00e9s. Au cours de cette phase initiale, les objectifs fonctionnels, l&rsquo;orientation esth\u00e9tique, le positionnement march\u00e9 et les objectifs de d\u00e9veloppement sont clairement d\u00e9finis, cr\u00e9ant ainsi une base solide pour les \u00e9tapes suivantes de conception et d&rsquo;industrialisation. Gr\u00e2ce \u00e0 des sessions de brainstorming structur\u00e9es et \u00e0 l&rsquo;\u00e9laboration d&rsquo;un brief produit, les id\u00e9es abstraites se transforment en cadres de projet clairs et op\u00e9rationnels.<\/p>\n","protected":false},"excerpt":{"rendered":"<p>Notre objectif est d&rsquo;aider nos clients \u00e0 transformer leurs id\u00e9es initiales en concepts produits structur\u00e9s. Au cours de cette phase initiale, les objectifs fonctionnels, l&rsquo;orientation esth\u00e9tique, le positionnement march\u00e9 et les objectifs de d\u00e9veloppement sont clairement d\u00e9finis, cr\u00e9ant ainsi une base solide pour les \u00e9tapes suivantes de conception et d&rsquo;industrialisation. Gr\u00e2ce \u00e0 des sessions de [&#8230;]<\/p>\n<p><a class=\"btn btn-secondary understrap-read-more-link\" href=\"https:\/\/nearbygroup.it\/fr\/services\/idea\/\">Lire la suite&#8230;<\/a><\/p>\n","protected":false},"author":1,"featured_media":2541,"parent":2532,"menu_order":51,"comment_status":"closed","ping_status":"closed","template":"page-templates\/single-service-page.php","meta":{"_acf_changed":false,"inline_featured_image":false,"footnotes":""},"class_list":["post-2540","page","type-page","status-publish","has-post-thumbnail","hentry"],"acf":[],"yoast_head":"<!-- This site is optimized with the Yoast SEO plugin v27.5 - https:\/\/yoast.com\/product\/yoast-seo-wordpress\/ -->\n<title>D\u00e9veloppement de Concept Produit | Nearby Group<\/title>\n<meta name=\"description\" content=\"D\u00e9veloppement structur\u00e9 du concept produit pour articles sportifs et composants techniques. De la d\u00e9finition initiale de l&#039;id\u00e9e \u00e0 un cadre de d\u00e9veloppement clair et op\u00e9rationnel.\" \/>\n<meta name=\"robots\" content=\"index, follow, max-snippet:-1, max-image-preview:large, max-video-preview:-1\" \/>\n<link rel=\"canonical\" href=\"https:\/\/nearbygroup.it\/fr\/services\/idea\/\" \/>\n<meta property=\"og:locale\" content=\"fr_FR\" \/>\n<meta property=\"og:type\" content=\"article\" \/>\n<meta property=\"og:title\" content=\"D\u00e9veloppement de Concept Produit | Nearby Group\" \/>\n<meta property=\"og:description\" content=\"D\u00e9veloppement structur\u00e9 du concept produit pour articles sportifs et composants techniques. De la d\u00e9finition initiale de l&#039;id\u00e9e \u00e0 un cadre de d\u00e9veloppement clair et op\u00e9rationnel.\" \/>\n<meta property=\"og:url\" content=\"https:\/\/nearbygroup.it\/fr\/services\/idea\/\" \/>\n<meta property=\"og:site_name\" content=\"NearBy Group\" \/>\n<meta property=\"article:modified_time\" content=\"2026-05-13T13:04:50+00:00\" \/>\n<meta property=\"og:image\" content=\"https:\/\/nearbygroup.it\/wp-content\/uploads\/2025\/10\/idea-nearby.jpg\" \/>\n\t<meta property=\"og:image:width\" content=\"1920\" \/>\n\t<meta property=\"og:image:height\" content=\"1280\" \/>\n\t<meta property=\"og:image:type\" content=\"image\/jpeg\" \/>\n<meta name=\"twitter:card\" content=\"summary_large_image\" \/>\n<meta name=\"twitter:label1\" content=\"Dur\u00e9e de lecture estim\u00e9e\" \/>\n\t<meta name=\"twitter:data1\" content=\"1 minute\" \/>\n<script type=\"application\/ld+json\" class=\"yoast-schema-graph\">{\"@context\":\"https:\\\/\\\/schema.org\",\"@graph\":[{\"@type\":\"WebPage\",\"@id\":\"https:\\\/\\\/nearbygroup.it\\\/fr\\\/services\\\/idea\\\/\",\"url\":\"https:\\\/\\\/nearbygroup.it\\\/fr\\\/services\\\/idea\\\/\",\"name\":\"D\u00e9veloppement de Concept Produit | Nearby Group\",\"isPartOf\":{\"@id\":\"https:\\\/\\\/nearbygroup.it\\\/fr\\\/#website\"},\"primaryImageOfPage\":{\"@id\":\"https:\\\/\\\/nearbygroup.it\\\/fr\\\/services\\\/idea\\\/#primaryimage\"},\"image\":{\"@id\":\"https:\\\/\\\/nearbygroup.it\\\/fr\\\/services\\\/idea\\\/#primaryimage\"},\"thumbnailUrl\":\"https:\\\/\\\/nearbygroup.it\\\/wp-content\\\/uploads\\\/2025\\\/10\\\/idea-nearby.jpg\",\"datePublished\":\"2025-09-23T07:40:54+00:00\",\"dateModified\":\"2026-05-13T13:04:50+00:00\",\"description\":\"D\u00e9veloppement structur\u00e9 du concept produit pour articles sportifs et composants techniques. De la d\u00e9finition initiale de l'id\u00e9e \u00e0 un cadre de d\u00e9veloppement clair et op\u00e9rationnel.\",\"breadcrumb\":{\"@id\":\"https:\\\/\\\/nearbygroup.it\\\/fr\\\/services\\\/idea\\\/#breadcrumb\"},\"inLanguage\":\"fr-FR\",\"potentialAction\":[{\"@type\":\"ReadAction\",\"target\":[\"https:\\\/\\\/nearbygroup.it\\\/fr\\\/services\\\/idea\\\/\"]}]},{\"@type\":\"ImageObject\",\"inLanguage\":\"fr-FR\",\"@id\":\"https:\\\/\\\/nearbygroup.it\\\/fr\\\/services\\\/idea\\\/#primaryimage\",\"url\":\"https:\\\/\\\/nearbygroup.it\\\/wp-content\\\/uploads\\\/2025\\\/10\\\/idea-nearby.jpg\",\"contentUrl\":\"https:\\\/\\\/nearbygroup.it\\\/wp-content\\\/uploads\\\/2025\\\/10\\\/idea-nearby.jpg\",\"width\":1920,\"height\":1280},{\"@type\":\"BreadcrumbList\",\"@id\":\"https:\\\/\\\/nearbygroup.it\\\/fr\\\/services\\\/idea\\\/#breadcrumb\",\"itemListElement\":[{\"@type\":\"ListItem\",\"position\":1,\"name\":\"Home\",\"item\":\"https:\\\/\\\/nearbygroup.it\\\/fr\\\/\"},{\"@type\":\"ListItem\",\"position\":2,\"name\":\"Services\",\"item\":\"https:\\\/\\\/nearbygroup.it\\\/fr\\\/services\\\/\"},{\"@type\":\"ListItem\",\"position\":3,\"name\":\"D\u00e9veloppement du concept produit\"}]},{\"@type\":\"WebSite\",\"@id\":\"https:\\\/\\\/nearbygroup.it\\\/fr\\\/#website\",\"url\":\"https:\\\/\\\/nearbygroup.it\\\/fr\\\/\",\"name\":\"NearBy Group\",\"description\":\"Products for Active and Mindful People\",\"publisher\":{\"@id\":\"https:\\\/\\\/nearbygroup.it\\\/fr\\\/#organization\"},\"potentialAction\":[{\"@type\":\"SearchAction\",\"target\":{\"@type\":\"EntryPoint\",\"urlTemplate\":\"https:\\\/\\\/nearbygroup.it\\\/fr\\\/?s={search_term_string}\"},\"query-input\":{\"@type\":\"PropertyValueSpecification\",\"valueRequired\":true,\"valueName\":\"search_term_string\"}}],\"inLanguage\":\"fr-FR\"},{\"@type\":\"Organization\",\"@id\":\"https:\\\/\\\/nearbygroup.it\\\/fr\\\/#organization\",\"name\":\"Nearby Group\",\"url\":\"https:\\\/\\\/nearbygroup.it\\\/fr\\\/\",\"logo\":{\"@type\":\"ImageObject\",\"inLanguage\":\"fr-FR\",\"@id\":\"https:\\\/\\\/nearbygroup.it\\\/fr\\\/#\\\/schema\\\/logo\\\/image\\\/\",\"url\":\"https:\\\/\\\/nearbygroup.it\\\/wp-content\\\/uploads\\\/2021\\\/09\\\/Logo-Nearby-Group.jpg\",\"contentUrl\":\"https:\\\/\\\/nearbygroup.it\\\/wp-content\\\/uploads\\\/2021\\\/09\\\/Logo-Nearby-Group.jpg\",\"width\":300,\"height\":300,\"caption\":\"Nearby Group\"},\"image\":{\"@id\":\"https:\\\/\\\/nearbygroup.it\\\/fr\\\/#\\\/schema\\\/logo\\\/image\\\/\"},\"sameAs\":[\"https:\\\/\\\/www.linkedin.com\\\/company\\\/nearby-group\"]}]}<\/script>\n<!-- \/ Yoast SEO plugin. -->","yoast_head_json":{"title":"D\u00e9veloppement de Concept Produit | Nearby Group","description":"D\u00e9veloppement structur\u00e9 du concept produit pour articles sportifs et composants techniques. De la d\u00e9finition initiale de l'id\u00e9e \u00e0 un cadre de d\u00e9veloppement clair et op\u00e9rationnel.","robots":{"index":"index","follow":"follow","max-snippet":"max-snippet:-1","max-image-preview":"max-image-preview:large","max-video-preview":"max-video-preview:-1"},"canonical":"https:\/\/nearbygroup.it\/fr\/services\/idea\/","og_locale":"fr_FR","og_type":"article","og_title":"D\u00e9veloppement de Concept Produit | Nearby Group","og_description":"D\u00e9veloppement structur\u00e9 du concept produit pour articles sportifs et composants techniques. De la d\u00e9finition initiale de l'id\u00e9e \u00e0 un cadre de d\u00e9veloppement clair et op\u00e9rationnel.","og_url":"https:\/\/nearbygroup.it\/fr\/services\/idea\/","og_site_name":"NearBy Group","article_modified_time":"2026-05-13T13:04:50+00:00","og_image":[{"width":1920,"height":1280,"url":"https:\/\/nearbygroup.it\/wp-content\/uploads\/2025\/10\/idea-nearby.jpg","type":"image\/jpeg"}],"twitter_card":"summary_large_image","twitter_misc":{"Dur\u00e9e de lecture estim\u00e9e":"1 minute"},"schema":{"@context":"https:\/\/schema.org","@graph":[{"@type":"WebPage","@id":"https:\/\/nearbygroup.it\/fr\/services\/idea\/","url":"https:\/\/nearbygroup.it\/fr\/services\/idea\/","name":"D\u00e9veloppement de Concept Produit | Nearby Group","isPartOf":{"@id":"https:\/\/nearbygroup.it\/fr\/#website"},"primaryImageOfPage":{"@id":"https:\/\/nearbygroup.it\/fr\/services\/idea\/#primaryimage"},"image":{"@id":"https:\/\/nearbygroup.it\/fr\/services\/idea\/#primaryimage"},"thumbnailUrl":"https:\/\/nearbygroup.it\/wp-content\/uploads\/2025\/10\/idea-nearby.jpg","datePublished":"2025-09-23T07:40:54+00:00","dateModified":"2026-05-13T13:04:50+00:00","description":"D\u00e9veloppement structur\u00e9 du concept produit pour articles sportifs et composants techniques. De la d\u00e9finition initiale de l'id\u00e9e \u00e0 un cadre de d\u00e9veloppement clair et op\u00e9rationnel.","breadcrumb":{"@id":"https:\/\/nearbygroup.it\/fr\/services\/idea\/#breadcrumb"},"inLanguage":"fr-FR","potentialAction":[{"@type":"ReadAction","target":["https:\/\/nearbygroup.it\/fr\/services\/idea\/"]}]},{"@type":"ImageObject","inLanguage":"fr-FR","@id":"https:\/\/nearbygroup.it\/fr\/services\/idea\/#primaryimage","url":"https:\/\/nearbygroup.it\/wp-content\/uploads\/2025\/10\/idea-nearby.jpg","contentUrl":"https:\/\/nearbygroup.it\/wp-content\/uploads\/2025\/10\/idea-nearby.jpg","width":1920,"height":1280},{"@type":"BreadcrumbList","@id":"https:\/\/nearbygroup.it\/fr\/services\/idea\/#breadcrumb","itemListElement":[{"@type":"ListItem","position":1,"name":"Home","item":"https:\/\/nearbygroup.it\/fr\/"},{"@type":"ListItem","position":2,"name":"Services","item":"https:\/\/nearbygroup.it\/fr\/services\/"},{"@type":"ListItem","position":3,"name":"D\u00e9veloppement du concept produit"}]},{"@type":"WebSite","@id":"https:\/\/nearbygroup.it\/fr\/#website","url":"https:\/\/nearbygroup.it\/fr\/","name":"NearBy Group","description":"Products for Active and Mindful People","publisher":{"@id":"https:\/\/nearbygroup.it\/fr\/#organization"},"potentialAction":[{"@type":"SearchAction","target":{"@type":"EntryPoint","urlTemplate":"https:\/\/nearbygroup.it\/fr\/?s={search_term_string}"},"query-input":{"@type":"PropertyValueSpecification","valueRequired":true,"valueName":"search_term_string"}}],"inLanguage":"fr-FR"},{"@type":"Organization","@id":"https:\/\/nearbygroup.it\/fr\/#organization","name":"Nearby Group","url":"https:\/\/nearbygroup.it\/fr\/","logo":{"@type":"ImageObject","inLanguage":"fr-FR","@id":"https:\/\/nearbygroup.it\/fr\/#\/schema\/logo\/image\/","url":"https:\/\/nearbygroup.it\/wp-content\/uploads\/2021\/09\/Logo-Nearby-Group.jpg","contentUrl":"https:\/\/nearbygroup.it\/wp-content\/uploads\/2021\/09\/Logo-Nearby-Group.jpg","width":300,"height":300,"caption":"Nearby Group"},"image":{"@id":"https:\/\/nearbygroup.it\/fr\/#\/schema\/logo\/image\/"},"sameAs":["https:\/\/www.linkedin.com\/company\/nearby-group"]}]}},"_links":{"self":[{"href":"https:\/\/nearbygroup.it\/fr\/wp-json\/wp\/v2\/pages\/2540","targetHints":{"allow":["GET"]}}],"collection":[{"href":"https:\/\/nearbygroup.it\/fr\/wp-json\/wp\/v2\/pages"}],"about":[{"href":"https:\/\/nearbygroup.it\/fr\/wp-json\/wp\/v2\/types\/page"}],"author":[{"embeddable":true,"href":"https:\/\/nearbygroup.it\/fr\/wp-json\/wp\/v2\/users\/1"}],"replies":[{"embeddable":true,"href":"https:\/\/nearbygroup.it\/fr\/wp-json\/wp\/v2\/comments?post=2540"}],"version-history":[{"count":2,"href":"https:\/\/nearbygroup.it\/fr\/wp-json\/wp\/v2\/pages\/2540\/revisions"}],"predecessor-version":[{"id":3879,"href":"https:\/\/nearbygroup.it\/fr\/wp-json\/wp\/v2\/pages\/2540\/revisions\/3879"}],"up":[{"embeddable":true,"href":"https:\/\/nearbygroup.it\/fr\/wp-json\/wp\/v2\/pages\/2532"}],"wp:featuredmedia":[{"embeddable":true,"href":"https:\/\/nearbygroup.it\/fr\/wp-json\/wp\/v2\/media\/2541"}],"wp:attachment":[{"href":"https:\/\/nearbygroup.it\/fr\/wp-json\/wp\/v2\/media?parent=2540"}],"curies":[{"name":"wp","href":"https:\/\/api.w.org\/{rel}","templated":true}]}}