{"id":2532,"date":"2025-10-22T15:11:29","date_gmt":"2025-10-22T13:11:29","guid":{"rendered":"https:\/\/nearbygroup.it\/services\/"},"modified":"2026-05-13T15:23:24","modified_gmt":"2026-05-13T13:23:24","slug":"services","status":"publish","type":"page","link":"https:\/\/nearbygroup.it\/fr\/services\/","title":{"rendered":"Services"},"content":{"rendered":"<p class=\"p1\">Que le client parte d&rsquo;une id\u00e9e initiale ou d&rsquo;un projet enti\u00e8rement finalis\u00e9, nous fournissons des services complets de d\u00e9veloppement et de fabrication d&rsquo;articles sportifs et de composants techniques haute performance. L&rsquo;ensemble du processus, de la validation de l&rsquo;id\u00e9e et de la co-conception \u00e0 l&rsquo;ing\u00e9nierie num\u00e9rique, aux essais en laboratoire et \u00e0 l&rsquo;industrialisation, est g\u00e9r\u00e9 au sein d&rsquo;un processus int\u00e9gr\u00e9 afin de garantir la qualit\u00e9, la coh\u00e9rence et la performance.<\/p>\n<p>&nbsp;<\/p>\n<p class=\"p1\">Fort de plusieurs d\u00e9cennies d&rsquo;exp\u00e9rience dans le moulage thermoplastique, la fabrication de composites et l&rsquo;ing\u00e9nierie des lignes d&rsquo;assemblage, Nearby Group accompagne les marques en tant que partenaire technique \u00e0 long terme, en guidant les projets depuis la validation du concept et la R&amp;D jusqu&rsquo;\u00e0 la validation de la pr\u00e9s\u00e9rie, la production en s\u00e9rie et le transfert de technologie \u00e0 l&rsquo;\u00e9chelle mondiale. Chaque \u00e9tape est structur\u00e9e pour r\u00e9duire les risques li\u00e9s au d\u00e9veloppement, optimiser l&rsquo;efficacit\u00e9 de la production et livrer des produits certifi\u00e9s et pr\u00eats pour la production.<\/p>\n","protected":false},"excerpt":{"rendered":"<p>Que le client parte d&rsquo;une id\u00e9e initiale ou d&rsquo;un projet enti\u00e8rement finalis\u00e9, nous fournissons des services complets de d\u00e9veloppement et de fabrication d&rsquo;articles sportifs et de composants techniques haute performance. L&rsquo;ensemble du processus, de la validation de l&rsquo;id\u00e9e et de la co-conception \u00e0 l&rsquo;ing\u00e9nierie num\u00e9rique, aux essais en laboratoire et \u00e0 l&rsquo;industrialisation, est g\u00e9r\u00e9 au [&#8230;]<\/p>\n<p><a class=\"btn btn-secondary understrap-read-more-link\" href=\"https:\/\/nearbygroup.it\/fr\/services\/\">Lire la suite&#8230;<\/a><\/p>\n","protected":false},"author":1,"featured_media":2533,"parent":0,"menu_order":20,"comment_status":"closed","ping_status":"closed","template":"page-templates\/services-page.php","meta":{"_acf_changed":false,"inline_featured_image":false,"footnotes":""},"class_list":["post-2532","page","type-page","status-publish","has-post-thumbnail","hentry"],"acf":[],"yoast_head":"<!-- This site is optimized with the Yoast SEO plugin v27.5 - https:\/\/yoast.com\/product\/yoast-seo-wordpress\/ -->\n<title>Services de d\u00e9veloppement et de fabrication d&#039;articles sportifs | Nearby Group<\/title>\n<meta name=\"description\" content=\"Services complets de d\u00e9veloppement de produits, R&amp;D, simulation, essais en laboratoire et fabrication industrielle pour articles sportifs et composants techniques. De la conception \u00e0 la production en s\u00e9rie.\" \/>\n<meta name=\"robots\" content=\"index, follow, max-snippet:-1, max-image-preview:large, max-video-preview:-1\" \/>\n<link rel=\"canonical\" href=\"https:\/\/nearbygroup.it\/fr\/services\/\" \/>\n<meta property=\"og:locale\" content=\"fr_FR\" \/>\n<meta property=\"og:type\" content=\"article\" \/>\n<meta property=\"og:title\" content=\"Services de d\u00e9veloppement et de fabrication d&#039;articles sportifs | Nearby Group\" \/>\n<meta property=\"og:description\" content=\"Services complets de d\u00e9veloppement de produits, R&amp;D, simulation, essais en laboratoire et fabrication industrielle pour articles sportifs et composants techniques. De la conception \u00e0 la production en s\u00e9rie.\" \/>\n<meta property=\"og:url\" content=\"https:\/\/nearbygroup.it\/fr\/services\/\" \/>\n<meta property=\"og:site_name\" content=\"NearBy Group\" \/>\n<meta property=\"article:modified_time\" content=\"2026-05-13T13:23:24+00:00\" \/>\n<meta property=\"og:image\" content=\"https:\/\/nearbygroup.it\/wp-content\/uploads\/2025\/09\/immagine-2a-scaled.png\" \/>\n\t<meta property=\"og:image:width\" content=\"2560\" \/>\n\t<meta property=\"og:image:height\" content=\"1325\" \/>\n\t<meta property=\"og:image:type\" content=\"image\/png\" \/>\n<meta name=\"twitter:card\" content=\"summary_large_image\" \/>\n<meta name=\"twitter:label1\" content=\"Dur\u00e9e de lecture estim\u00e9e\" \/>\n\t<meta name=\"twitter:data1\" content=\"2 minutes\" \/>\n<script type=\"application\/ld+json\" class=\"yoast-schema-graph\">{\"@context\":\"https:\\\/\\\/schema.org\",\"@graph\":[{\"@type\":\"WebPage\",\"@id\":\"https:\\\/\\\/nearbygroup.it\\\/fr\\\/services\\\/\",\"url\":\"https:\\\/\\\/nearbygroup.it\\\/fr\\\/services\\\/\",\"name\":\"Services de d\u00e9veloppement et de fabrication d'articles sportifs | Nearby Group\",\"isPartOf\":{\"@id\":\"https:\\\/\\\/nearbygroup.it\\\/fr\\\/#website\"},\"primaryImageOfPage\":{\"@id\":\"https:\\\/\\\/nearbygroup.it\\\/fr\\\/services\\\/#primaryimage\"},\"image\":{\"@id\":\"https:\\\/\\\/nearbygroup.it\\\/fr\\\/services\\\/#primaryimage\"},\"thumbnailUrl\":\"https:\\\/\\\/nearbygroup.it\\\/wp-content\\\/uploads\\\/2025\\\/09\\\/immagine-2a-scaled.png\",\"datePublished\":\"2025-10-22T13:11:29+00:00\",\"dateModified\":\"2026-05-13T13:23:24+00:00\",\"description\":\"Services complets de d\u00e9veloppement de produits, R&D, simulation, essais en laboratoire et fabrication industrielle pour articles sportifs et composants techniques. De la conception \u00e0 la production en s\u00e9rie.\",\"breadcrumb\":{\"@id\":\"https:\\\/\\\/nearbygroup.it\\\/fr\\\/services\\\/#breadcrumb\"},\"inLanguage\":\"fr-FR\",\"potentialAction\":[{\"@type\":\"ReadAction\",\"target\":[\"https:\\\/\\\/nearbygroup.it\\\/fr\\\/services\\\/\"]}]},{\"@type\":\"ImageObject\",\"inLanguage\":\"fr-FR\",\"@id\":\"https:\\\/\\\/nearbygroup.it\\\/fr\\\/services\\\/#primaryimage\",\"url\":\"https:\\\/\\\/nearbygroup.it\\\/wp-content\\\/uploads\\\/2025\\\/09\\\/immagine-2a-scaled.png\",\"contentUrl\":\"https:\\\/\\\/nearbygroup.it\\\/wp-content\\\/uploads\\\/2025\\\/09\\\/immagine-2a-scaled.png\",\"width\":2560,\"height\":1325},{\"@type\":\"BreadcrumbList\",\"@id\":\"https:\\\/\\\/nearbygroup.it\\\/fr\\\/services\\\/#breadcrumb\",\"itemListElement\":[{\"@type\":\"ListItem\",\"position\":1,\"name\":\"Home\",\"item\":\"https:\\\/\\\/nearbygroup.it\\\/fr\\\/\"},{\"@type\":\"ListItem\",\"position\":2,\"name\":\"Services\"}]},{\"@type\":\"WebSite\",\"@id\":\"https:\\\/\\\/nearbygroup.it\\\/fr\\\/#website\",\"url\":\"https:\\\/\\\/nearbygroup.it\\\/fr\\\/\",\"name\":\"NearBy Group\",\"description\":\"Products for Active and Mindful People\",\"publisher\":{\"@id\":\"https:\\\/\\\/nearbygroup.it\\\/fr\\\/#organization\"},\"potentialAction\":[{\"@type\":\"SearchAction\",\"target\":{\"@type\":\"EntryPoint\",\"urlTemplate\":\"https:\\\/\\\/nearbygroup.it\\\/fr\\\/?s={search_term_string}\"},\"query-input\":{\"@type\":\"PropertyValueSpecification\",\"valueRequired\":true,\"valueName\":\"search_term_string\"}}],\"inLanguage\":\"fr-FR\"},{\"@type\":\"Organization\",\"@id\":\"https:\\\/\\\/nearbygroup.it\\\/fr\\\/#organization\",\"name\":\"Nearby Group\",\"url\":\"https:\\\/\\\/nearbygroup.it\\\/fr\\\/\",\"logo\":{\"@type\":\"ImageObject\",\"inLanguage\":\"fr-FR\",\"@id\":\"https:\\\/\\\/nearbygroup.it\\\/fr\\\/#\\\/schema\\\/logo\\\/image\\\/\",\"url\":\"https:\\\/\\\/nearbygroup.it\\\/wp-content\\\/uploads\\\/2021\\\/09\\\/Logo-Nearby-Group.jpg\",\"contentUrl\":\"https:\\\/\\\/nearbygroup.it\\\/wp-content\\\/uploads\\\/2021\\\/09\\\/Logo-Nearby-Group.jpg\",\"width\":300,\"height\":300,\"caption\":\"Nearby Group\"},\"image\":{\"@id\":\"https:\\\/\\\/nearbygroup.it\\\/fr\\\/#\\\/schema\\\/logo\\\/image\\\/\"},\"sameAs\":[\"https:\\\/\\\/www.linkedin.com\\\/company\\\/nearby-group\"]}]}<\/script>\n<!-- \/ Yoast SEO plugin. -->","yoast_head_json":{"title":"Services de d\u00e9veloppement et de fabrication d'articles sportifs | Nearby Group","description":"Services complets de d\u00e9veloppement de produits, R&D, simulation, essais en laboratoire et fabrication industrielle pour articles sportifs et composants techniques. De la conception \u00e0 la production en s\u00e9rie.","robots":{"index":"index","follow":"follow","max-snippet":"max-snippet:-1","max-image-preview":"max-image-preview:large","max-video-preview":"max-video-preview:-1"},"canonical":"https:\/\/nearbygroup.it\/fr\/services\/","og_locale":"fr_FR","og_type":"article","og_title":"Services de d\u00e9veloppement et de fabrication d'articles sportifs | Nearby Group","og_description":"Services complets de d\u00e9veloppement de produits, R&D, simulation, essais en laboratoire et fabrication industrielle pour articles sportifs et composants techniques. De la conception \u00e0 la production en s\u00e9rie.","og_url":"https:\/\/nearbygroup.it\/fr\/services\/","og_site_name":"NearBy Group","article_modified_time":"2026-05-13T13:23:24+00:00","og_image":[{"width":2560,"height":1325,"url":"https:\/\/nearbygroup.it\/wp-content\/uploads\/2025\/09\/immagine-2a-scaled.png","type":"image\/png"}],"twitter_card":"summary_large_image","twitter_misc":{"Dur\u00e9e de lecture estim\u00e9e":"2 minutes"},"schema":{"@context":"https:\/\/schema.org","@graph":[{"@type":"WebPage","@id":"https:\/\/nearbygroup.it\/fr\/services\/","url":"https:\/\/nearbygroup.it\/fr\/services\/","name":"Services de d\u00e9veloppement et de fabrication d'articles sportifs | Nearby Group","isPartOf":{"@id":"https:\/\/nearbygroup.it\/fr\/#website"},"primaryImageOfPage":{"@id":"https:\/\/nearbygroup.it\/fr\/services\/#primaryimage"},"image":{"@id":"https:\/\/nearbygroup.it\/fr\/services\/#primaryimage"},"thumbnailUrl":"https:\/\/nearbygroup.it\/wp-content\/uploads\/2025\/09\/immagine-2a-scaled.png","datePublished":"2025-10-22T13:11:29+00:00","dateModified":"2026-05-13T13:23:24+00:00","description":"Services complets de d\u00e9veloppement de produits, R&D, simulation, essais en laboratoire et fabrication industrielle pour articles sportifs et composants techniques. De la conception \u00e0 la production en s\u00e9rie.","breadcrumb":{"@id":"https:\/\/nearbygroup.it\/fr\/services\/#breadcrumb"},"inLanguage":"fr-FR","potentialAction":[{"@type":"ReadAction","target":["https:\/\/nearbygroup.it\/fr\/services\/"]}]},{"@type":"ImageObject","inLanguage":"fr-FR","@id":"https:\/\/nearbygroup.it\/fr\/services\/#primaryimage","url":"https:\/\/nearbygroup.it\/wp-content\/uploads\/2025\/09\/immagine-2a-scaled.png","contentUrl":"https:\/\/nearbygroup.it\/wp-content\/uploads\/2025\/09\/immagine-2a-scaled.png","width":2560,"height":1325},{"@type":"BreadcrumbList","@id":"https:\/\/nearbygroup.it\/fr\/services\/#breadcrumb","itemListElement":[{"@type":"ListItem","position":1,"name":"Home","item":"https:\/\/nearbygroup.it\/fr\/"},{"@type":"ListItem","position":2,"name":"Services"}]},{"@type":"WebSite","@id":"https:\/\/nearbygroup.it\/fr\/#website","url":"https:\/\/nearbygroup.it\/fr\/","name":"NearBy Group","description":"Products for Active and Mindful People","publisher":{"@id":"https:\/\/nearbygroup.it\/fr\/#organization"},"potentialAction":[{"@type":"SearchAction","target":{"@type":"EntryPoint","urlTemplate":"https:\/\/nearbygroup.it\/fr\/?s={search_term_string}"},"query-input":{"@type":"PropertyValueSpecification","valueRequired":true,"valueName":"search_term_string"}}],"inLanguage":"fr-FR"},{"@type":"Organization","@id":"https:\/\/nearbygroup.it\/fr\/#organization","name":"Nearby Group","url":"https:\/\/nearbygroup.it\/fr\/","logo":{"@type":"ImageObject","inLanguage":"fr-FR","@id":"https:\/\/nearbygroup.it\/fr\/#\/schema\/logo\/image\/","url":"https:\/\/nearbygroup.it\/wp-content\/uploads\/2021\/09\/Logo-Nearby-Group.jpg","contentUrl":"https:\/\/nearbygroup.it\/wp-content\/uploads\/2021\/09\/Logo-Nearby-Group.jpg","width":300,"height":300,"caption":"Nearby Group"},"image":{"@id":"https:\/\/nearbygroup.it\/fr\/#\/schema\/logo\/image\/"},"sameAs":["https:\/\/www.linkedin.com\/company\/nearby-group"]}]}},"_links":{"self":[{"href":"https:\/\/nearbygroup.it\/fr\/wp-json\/wp\/v2\/pages\/2532","targetHints":{"allow":["GET"]}}],"collection":[{"href":"https:\/\/nearbygroup.it\/fr\/wp-json\/wp\/v2\/pages"}],"about":[{"href":"https:\/\/nearbygroup.it\/fr\/wp-json\/wp\/v2\/types\/page"}],"author":[{"embeddable":true,"href":"https:\/\/nearbygroup.it\/fr\/wp-json\/wp\/v2\/users\/1"}],"replies":[{"embeddable":true,"href":"https:\/\/nearbygroup.it\/fr\/wp-json\/wp\/v2\/comments?post=2532"}],"version-history":[{"count":3,"href":"https:\/\/nearbygroup.it\/fr\/wp-json\/wp\/v2\/pages\/2532\/revisions"}],"predecessor-version":[{"id":3888,"href":"https:\/\/nearbygroup.it\/fr\/wp-json\/wp\/v2\/pages\/2532\/revisions\/3888"}],"wp:featuredmedia":[{"embeddable":true,"href":"https:\/\/nearbygroup.it\/fr\/wp-json\/wp\/v2\/media\/2533"}],"wp:attachment":[{"href":"https:\/\/nearbygroup.it\/fr\/wp-json\/wp\/v2\/media?parent=2532"}],"curies":[{"name":"wp","href":"https:\/\/api.w.org\/{rel}","templated":true}]}}